{"id":20694,"date":"2021-12-31T12:07:27","date_gmt":"2021-12-31T12:07:27","guid":{"rendered":"https:\/\/moirai.si\/?post_type=product&#038;p=20694"},"modified":"2025-01-13T14:34:14","modified_gmt":"2025-01-13T14:34:14","slug":"klasicni-jaspis-provincijski","status":"publish","type":"product","link":"https:\/\/moirai.si\/hr\/izdelek\/clasic-jaspis-pokrajinski\/","title":{"rendered":"Clasic Jaspis Zemljani"},"content":{"rendered":"<p>Elegantna narukvica iz kolekcije Clasic, koja je izra\u0111ena od zemljanog jaspisa i rodiniranog srebra 925. <\/p>\n<p>Vi\u0161e informacija: <a href=\"https:\/\/moirai.si\/hr\/jaspis\/\" target=\"_blank\" rel=\"noopener noreferrer\">Jaspis <\/a><\/p>\n<p>MATERIJAL: Zemljani jaspis, rodinirano srebro 925<br \/>\nDU\u017dINA: podesiva 18-20,5 cm<br \/>\nTE\u017dINA: 10,4 g<br \/>\nVELI\u010cINA KAMENA: 6 mm<br \/>\nKOP\u010cA: 9 mm<\/p>","protected":false},"excerpt":{"rendered":"<p>Elegantna zapestnica kolekcije Clasic, ki je narejena iz Pokrajinskega Jaspisa. Zapestnica je nizana na mehko, vendar mo\u010dno jekleno \u017eico in zaklju\u010dena z rodiniranimi srebrnimi elementi. Ve\u010d informacij: Jaspis MATERIAL: Pokrajinski Jaspis, rodinirano srebro 925 DOL\u017dINA: prilagodljiva 18-20,5 cm TE\u017dA: 10.4 g VELIKOST KAMNOV: 6 mm ZAPONKA: 9 mm<\/p>","protected":false},"featured_media":23817,"template":"","meta":[],"product_brand":[],"product_cat":[208,820,47,821,822,823,1137],"product_tag":[516,637],"class_list":{"0":"post-20694","1":"product","2":"type-product","3":"status-publish","4":"has-post-thumbnail","6":"product_cat-clasic","7":"product_cat-do-18cm","8":"product_cat-jaspis","9":"product_cat-od-18-do-19cm","10":"product_cat-od-19-do-20cm","11":"product_cat-od-20cm","12":"product_cat-ogled-vseh-zapestnice-2","13":"product_tag-pokrajinski-jaspis","14":"product_tag-rodinirano-srebro-925","16":"first","17":"instock","18":"shipping-taxable","19":"purchasable","20":"product-type-simple"},"_links":{"self":[{"href":"https:\/\/moirai.si\/hr\/wp-json\/wp\/v2\/product\/20694","targetHints":{"allow":["GET"]}}],"collection":[{"href":"https:\/\/moirai.si\/hr\/wp-json\/wp\/v2\/product"}],"about":[{"href":"https:\/\/moirai.si\/hr\/wp-json\/wp\/v2\/types\/product"}],"wp:featuredmedia":[{"embeddable":true,"href":"https:\/\/moirai.si\/hr\/wp-json\/wp\/v2\/media\/23817"}],"wp:attachment":[{"href":"https:\/\/moirai.si\/hr\/wp-json\/wp\/v2\/media?parent=20694"}],"wp:term":[{"taxonomy":"product_brand","embeddable":true,"href":"https:\/\/moirai.si\/hr\/wp-json\/wp\/v2\/product_brand?post=20694"},{"taxonomy":"product_cat","embeddable":true,"href":"https:\/\/moirai.si\/hr\/wp-json\/wp\/v2\/product_cat?post=20694"},{"taxonomy":"product_tag","embeddable":true,"href":"https:\/\/moirai.si\/hr\/wp-json\/wp\/v2\/product_tag?post=20694"}],"curies":[{"name":"wp","href":"https:\/\/api.w.org\/{rel}","templated":true}]}}