{"id":20702,"date":"2021-12-31T12:14:17","date_gmt":"2021-12-31T12:14:17","guid":{"rendered":"https:\/\/moirai.si\/?post_type=product&#038;p=20702"},"modified":"2025-01-13T14:33:32","modified_gmt":"2025-01-13T14:33:32","slug":"clasic-obsidijan-zlati","status":"publish","type":"product","link":"https:\/\/moirai.si\/hr\/izdelek\/clasic-obsidijan-zlati\/","title":{"rendered":"Clasic Opsidijan Zlatni"},"content":{"rendered":"<p>Elegantna zapestnica kolekcije Clasic, ki je narejena iz zlatega Obsidijana. Zapestnica je nizana na mehko, vendar mo\u010dno jekleno \u017eico in zaklju\u010dena s srebrnimi elementi. Slika je simboli\u010dna, mo\u017ena so manj\u0161a odstopanja v barvi. <\/p>\n<p>MATERIAL: zlati Obsidijan, \u010drni Obsidijan, Srebro 925<br \/>\nDU\u017dINA: podesiva 17,5-20 cm<br \/>\nTE\u017dA: 12.4 g<br \/>\nVELI\u010cINA KAMENA: 6-8 mm<br \/>\nKOP\u010cA: 9 mm<\/p>","protected":false},"excerpt":{"rendered":"<p>Elegantna zapestnica kolekcije Clasic, ki je narejena iz zlatega Obsidijana. Zapestnica je nizana na mehko, vendar mo\u010dno jekleno \u017eico in zaklju\u010dena s srebrnimi elementi. Slika je simboli\u010dna, mo\u017ena so manj\u0161a odstopanja v barvi. MATERIAL: zlati Obsidijan, \u010drni Obsidijan, Srebro 925 DOL\u017dINA: prilagodljiva 17.5-20 cm TE\u017dA: 12.4 g VELIKOST KAMNOV: 6-8 mm ZAPONKA: 9 mm<\/p>","protected":false},"featured_media":20703,"template":"","meta":[],"product_brand":[],"product_cat":[208,820,63,821,822,823,1137],"product_tag":[868,371,841],"class_list":{"0":"post-20702","1":"product","2":"type-product","3":"status-publish","4":"has-post-thumbnail","6":"product_cat-clasic","7":"product_cat-do-18cm","8":"product_cat-obsidijan","9":"product_cat-od-18-do-19cm","10":"product_cat-od-19-do-20cm","11":"product_cat-od-20cm","12":"product_cat-ogled-vseh-zapestnice-2","13":"product_tag-crni-obsidijan","14":"product_tag-srebro-925","15":"product_tag-zlati-obsidijan","17":"first","18":"instock","19":"shipping-taxable","20":"purchasable","21":"product-type-simple"},"_links":{"self":[{"href":"https:\/\/moirai.si\/hr\/wp-json\/wp\/v2\/product\/20702","targetHints":{"allow":["GET"]}}],"collection":[{"href":"https:\/\/moirai.si\/hr\/wp-json\/wp\/v2\/product"}],"about":[{"href":"https:\/\/moirai.si\/hr\/wp-json\/wp\/v2\/types\/product"}],"wp:featuredmedia":[{"embeddable":true,"href":"https:\/\/moirai.si\/hr\/wp-json\/wp\/v2\/media\/20703"}],"wp:attachment":[{"href":"https:\/\/moirai.si\/hr\/wp-json\/wp\/v2\/media?parent=20702"}],"wp:term":[{"taxonomy":"product_brand","embeddable":true,"href":"https:\/\/moirai.si\/hr\/wp-json\/wp\/v2\/product_brand?post=20702"},{"taxonomy":"product_cat","embeddable":true,"href":"https:\/\/moirai.si\/hr\/wp-json\/wp\/v2\/product_cat?post=20702"},{"taxonomy":"product_tag","embeddable":true,"href":"https:\/\/moirai.si\/hr\/wp-json\/wp\/v2\/product_tag?post=20702"}],"curies":[{"name":"wp","href":"https:\/\/api.w.org\/{rel}","templated":true}]}}