{"id":20712,"date":"2021-12-31T12:22:08","date_gmt":"2021-12-31T12:22:08","guid":{"rendered":"https:\/\/moirai.si\/?post_type=product&#038;p=20712"},"modified":"2025-01-13T14:33:09","modified_gmt":"2025-01-13T14:33:09","slug":"klasicni-ahat-mahoviti-2","status":"publish","type":"product","link":"https:\/\/moirai.si\/hr\/izdelek\/clasic-ahat-mahovni-2\/","title":{"rendered":"Clasic Ahat Mahovina"},"content":{"rendered":"<p>Elegantna narukvica iz kolekcije Clasic izra\u0111ena je od Mahovina Ahata i rodiniranog srebra 925. Slika je simboli\u010dna. Mogu\u0107a su manja odstupanja u te\u017eini i boji.<\/p>\n<p>Vi\u0161e informacija: <a href=\"https:\/\/moirai.si\/hr\/ahat\/\" target=\"_blank\" rel=\"noopener noreferrer\">Ahat<\/a><\/p>\n<p>MATERIJAL: mahovina ahat, rodinirano srebro 925<br \/>\nDU\u017dINA: podesiva 17-19,5 cm<br \/>\nTE\u017dINA: 9,1 g<br \/>\nVELI\u010cINA KAMENA: 6 mm<br \/>\nKOP\u010cA: 9 mm<\/p>","protected":false},"excerpt":{"rendered":"<p>Elegantna zapestnica kolekcije Clasic, ki je narejena iz Mahovnega Ahata in rodiniranega srebra 925. Zapestnica je nizana na mehko, vendar mo\u010dno jekleno \u017eico. Slika je simboli\u010dna. Mo\u017ena so manj\u0161a odstopanja v te\u017ei in barvi. Ve\u010d informacij: Ahat MATERIAL: Mahovni Ahat, rodinirano Srebro 925 DOL\u017dINA: prilagodljiva 17-19.5 cm TE\u017dA: 9.1 g VELIKOST KAMNOV: 6 mm ZAPONKA: [&hellip;]<\/p>\n","protected":false},"featured_media":24138,"template":"","meta":[],"product_brand":[],"product_cat":[30,208,820,821,822,1137],"product_tag":[775,637],"class_list":{"0":"post-20712","1":"product","2":"type-product","3":"status-publish","4":"has-post-thumbnail","6":"product_cat-ahat","7":"product_cat-clasic","8":"product_cat-do-18cm","9":"product_cat-od-18-do-19cm","10":"product_cat-od-19-do-20cm","11":"product_cat-ogled-vseh-zapestnice-2","12":"product_tag-mahovni-ahat","13":"product_tag-rodinirano-srebro-925","15":"first","16":"instock","17":"shipping-taxable","18":"purchasable","19":"product-type-simple"},"_links":{"self":[{"href":"https:\/\/moirai.si\/hr\/wp-json\/wp\/v2\/product\/20712","targetHints":{"allow":["GET"]}}],"collection":[{"href":"https:\/\/moirai.si\/hr\/wp-json\/wp\/v2\/product"}],"about":[{"href":"https:\/\/moirai.si\/hr\/wp-json\/wp\/v2\/types\/product"}],"wp:featuredmedia":[{"embeddable":true,"href":"https:\/\/moirai.si\/hr\/wp-json\/wp\/v2\/media\/24138"}],"wp:attachment":[{"href":"https:\/\/moirai.si\/hr\/wp-json\/wp\/v2\/media?parent=20712"}],"wp:term":[{"taxonomy":"product_brand","embeddable":true,"href":"https:\/\/moirai.si\/hr\/wp-json\/wp\/v2\/product_brand?post=20712"},{"taxonomy":"product_cat","embeddable":true,"href":"https:\/\/moirai.si\/hr\/wp-json\/wp\/v2\/product_cat?post=20712"},{"taxonomy":"product_tag","embeddable":true,"href":"https:\/\/moirai.si\/hr\/wp-json\/wp\/v2\/product_tag?post=20712"}],"curies":[{"name":"wp","href":"https:\/\/api.w.org\/{rel}","templated":true}]}}