{"id":20805,"date":"2022-01-06T13:23:10","date_gmt":"2022-01-06T13:23:10","guid":{"rendered":"https:\/\/moirai.si\/?post_type=product&#038;p=20805"},"modified":"2026-01-28T12:06:17","modified_gmt":"2026-01-28T12:06:17","slug":"krpa-za-ciscenje-i-poliranje-2","status":"publish","type":"product","link":"https:\/\/moirai.si\/hr\/izdelek\/krpica-za-ciscenje-in-poliranje-2\/","title":{"rendered":"Krpa za \u010di\u0161\u0107enje i poliranje"},"content":{"rendered":"<p>Krpa za \u010di\u0161\u0107enje i poliranje srebra, zlata, bakra, mesinga i satova za dugotrajan sjaj! Kako biste vratili izvorni sjaj svom dragocjenom nakitu, koristite ovu krpu koja trenutno \u010disti, polira i nanosi za\u0161titni sloj na va\u0161 nakit. Krpa je izra\u0111ena od 100% pamuka. Impregnirana je posebnom formulom koja nje\u017eno \u010disti i polira va\u0161 nakit. Nemojte prati krpu, ina\u010de \u0107e izgubiti svoj u\u010dinak!<\/p>\n<p>MATERIJAL: pamuk (razne boje)<br \/>\nDIMENZIJE: 25\u00d732 cm<br \/>\nTE\u017dINA: 22 g<\/p>","protected":false},"excerpt":{"rendered":"<p>Krpa za \u010di\u0161\u010denje in poliranje srebra, zlata, bakra, medenine in ur za trajen lesk! Za obnovitev originalnega leska va\u0161ega cenjenega nakita uporabite to krpico, ki instantno o\u010disti, spolira ter nanese za\u0161\u010ditni sloj na va\u0161 nakit. Krpa je narejena iz 100% bomba\u017ea. Impregnirana je s posebno formulo, ki ne\u017eno o\u010disti in spolira va\u0161 nakit. Krpe ne [&hellip;]<\/p>\n","protected":false},"featured_media":25768,"template":"","meta":[],"product_brand":[],"product_cat":[755],"product_tag":[999,1000],"class_list":{"0":"post-20805","1":"product","2":"type-product","3":"status-publish","4":"has-post-thumbnail","6":"product_cat-mix","7":"product_tag-krpa-za-ciscenje-in-poliranje-srebra","8":"product_tag-zlata","10":"first","11":"instock","12":"shipping-taxable","13":"purchasable","14":"product-type-simple"},"_links":{"self":[{"href":"https:\/\/moirai.si\/hr\/wp-json\/wp\/v2\/product\/20805","targetHints":{"allow":["GET"]}}],"collection":[{"href":"https:\/\/moirai.si\/hr\/wp-json\/wp\/v2\/product"}],"about":[{"href":"https:\/\/moirai.si\/hr\/wp-json\/wp\/v2\/types\/product"}],"wp:featuredmedia":[{"embeddable":true,"href":"https:\/\/moirai.si\/hr\/wp-json\/wp\/v2\/media\/25768"}],"wp:attachment":[{"href":"https:\/\/moirai.si\/hr\/wp-json\/wp\/v2\/media?parent=20805"}],"wp:term":[{"taxonomy":"product_brand","embeddable":true,"href":"https:\/\/moirai.si\/hr\/wp-json\/wp\/v2\/product_brand?post=20805"},{"taxonomy":"product_cat","embeddable":true,"href":"https:\/\/moirai.si\/hr\/wp-json\/wp\/v2\/product_cat?post=20805"},{"taxonomy":"product_tag","embeddable":true,"href":"https:\/\/moirai.si\/hr\/wp-json\/wp\/v2\/product_tag?post=20805"}],"curies":[{"name":"wp","href":"https:\/\/api.w.org\/{rel}","templated":true}]}}