{"id":20831,"date":"2022-01-06T16:03:52","date_gmt":"2022-01-06T16:03:52","guid":{"rendered":"https:\/\/moirai.si\/?post_type=product&#038;p=20831"},"modified":"2026-03-26T12:34:54","modified_gmt":"2026-03-26T12:34:54","slug":"konopljina-vrvica-1m-temno-modra-1-8-mm","status":"publish","type":"product","link":"https:\/\/moirai.si\/hr\/izdelek\/konopljina-vrvica-1m-temno-modra-1-8-mm\/","title":{"rendered":"Konop od konoplje 1m tamno plavi (1,8 mm)"},"content":{"rendered":"<p>Iznimno mekani voskirani konopljin konop u tamno plavi boji.<\/p>\n<p>MATERIAL: tamno plava vo\u0161tana konoplja (tamno plavi trak od konoplje)<br \/>\nTE\u017dINA: 1,7 g<br \/>\nDU\u017dINA: 100 cm<br \/>\n\u0160IRINA: 1,8 mm <\/p>","protected":false},"excerpt":{"rendered":"<p>Izredno mehka povo\u0161\u010dena konopljina vrvica v temno modri barvi. MATERIAL: temno modra povo\u0161\u010dena konoplja (temno moder trak iz konoplje) TE\u017dA:1.7 g DOL\u017dINA: 100 cm \u0160IRINA: 1.8 mm<\/p>","protected":false},"featured_media":20832,"template":"","meta":[],"product_brand":[],"product_cat":[911],"product_tag":[1034],"class_list":{"0":"post-20831","1":"product","2":"type-product","3":"status-publish","4":"has-post-thumbnail","6":"product_cat-verizice-in-vrvice","7":"product_tag-temno-modra-povoscena-konoplja-temno-moder-trak-iz-konoplje","9":"first","10":"instock","11":"shipping-taxable","12":"purchasable","13":"product-type-simple"},"_links":{"self":[{"href":"https:\/\/moirai.si\/hr\/wp-json\/wp\/v2\/product\/20831","targetHints":{"allow":["GET"]}}],"collection":[{"href":"https:\/\/moirai.si\/hr\/wp-json\/wp\/v2\/product"}],"about":[{"href":"https:\/\/moirai.si\/hr\/wp-json\/wp\/v2\/types\/product"}],"wp:featuredmedia":[{"embeddable":true,"href":"https:\/\/moirai.si\/hr\/wp-json\/wp\/v2\/media\/20832"}],"wp:attachment":[{"href":"https:\/\/moirai.si\/hr\/wp-json\/wp\/v2\/media?parent=20831"}],"wp:term":[{"taxonomy":"product_brand","embeddable":true,"href":"https:\/\/moirai.si\/hr\/wp-json\/wp\/v2\/product_brand?post=20831"},{"taxonomy":"product_cat","embeddable":true,"href":"https:\/\/moirai.si\/hr\/wp-json\/wp\/v2\/product_cat?post=20831"},{"taxonomy":"product_tag","embeddable":true,"href":"https:\/\/moirai.si\/hr\/wp-json\/wp\/v2\/product_tag?post=20831"}],"curies":[{"name":"wp","href":"https:\/\/api.w.org\/{rel}","templated":true}]}}