{"id":20850,"date":"2022-01-06T18:02:27","date_gmt":"2022-01-06T18:02:27","guid":{"rendered":"https:\/\/moirai.si\/?post_type=product&#038;p=20850"},"modified":"2026-03-26T12:43:06","modified_gmt":"2026-03-26T12:43:06","slug":"jaspis-leopard-koza","status":"publish","type":"product","link":"https:\/\/moirai.si\/hr\/izdelek\/jaspis-leopardova-koza\/","title":{"rendered":"Leopardova ko\u017ea Jaspis"},"content":{"rendered":"<p>Prekrasan komad polirane leopardove ko\u017ee, prikladan kao kamen za iscjeljivanje ili kao dar za va\u0161e najmilije. Slika je simboli\u010dna. Mogu\u0107a su manja odstupanja u boji, te\u017eini i obliku.<\/p>\n<p>Vi\u0161e informacija: <a href=\"https:\/\/moirai.si\/hr\/jaspis\/\" target=\"_blank\" rel=\"noopener noreferrer\">Jaspis <\/a><\/p>\n<p>MATERIJAL: Leopardova ko\u017ea (jaspis)<br \/>\nDIMENZIJE: 1-3 cm<br \/>\nTE\u017dINA: 10-20 g<\/p>","protected":false},"excerpt":{"rendered":"<p>\u010cudovit kos spolirane Leopardove Ko\u017ee, primeren kot zdravilni ro\u010dni kamen ali kot darilo za va\u0161e najbli\u017enje. Slika je simboli\u010dna. Mo\u017ena so manj\u0161a odstopanja v barvi, te\u017ei in obliki. Ve\u010d informacij: Jaspis MATERIAL: Leopardova Ko\u017ea (Jaspis) DIMENZIJE: 1-3 cm TE\u017dA: 10-20 g<\/p>","protected":false},"featured_media":20851,"template":"","meta":[],"product_brand":[],"product_cat":[47,753],"product_tag":[797],"class_list":{"0":"post-20850","1":"product","2":"type-product","3":"status-publish","4":"has-post-thumbnail","6":"product_cat-jaspis","7":"product_cat-rocni-kamni","8":"product_tag-leopardova-koza-jaspis","10":"first","11":"instock","12":"shipping-taxable","13":"purchasable","14":"product-type-simple"},"_links":{"self":[{"href":"https:\/\/moirai.si\/hr\/wp-json\/wp\/v2\/product\/20850","targetHints":{"allow":["GET"]}}],"collection":[{"href":"https:\/\/moirai.si\/hr\/wp-json\/wp\/v2\/product"}],"about":[{"href":"https:\/\/moirai.si\/hr\/wp-json\/wp\/v2\/types\/product"}],"wp:featuredmedia":[{"embeddable":true,"href":"https:\/\/moirai.si\/hr\/wp-json\/wp\/v2\/media\/20851"}],"wp:attachment":[{"href":"https:\/\/moirai.si\/hr\/wp-json\/wp\/v2\/media?parent=20850"}],"wp:term":[{"taxonomy":"product_brand","embeddable":true,"href":"https:\/\/moirai.si\/hr\/wp-json\/wp\/v2\/product_brand?post=20850"},{"taxonomy":"product_cat","embeddable":true,"href":"https:\/\/moirai.si\/hr\/wp-json\/wp\/v2\/product_cat?post=20850"},{"taxonomy":"product_tag","embeddable":true,"href":"https:\/\/moirai.si\/hr\/wp-json\/wp\/v2\/product_tag?post=20850"}],"curies":[{"name":"wp","href":"https:\/\/api.w.org\/{rel}","templated":true}]}}