{"id":20885,"date":"2022-01-07T14:20:52","date_gmt":"2022-01-07T14:20:52","guid":{"rendered":"https:\/\/moirai.si\/?post_type=product&#038;p=20885"},"modified":"2025-10-23T17:16:44","modified_gmt":"2025-10-23T17:16:44","slug":"klasicni-malahit-5","status":"publish","type":"product","link":"https:\/\/moirai.si\/hr\/izdelek\/clasic-malahit-5\/","title":{"rendered":"Clasic Malahit"},"content":{"rendered":"<p>Elegantna narukvica iz kolekcije Clasic, izra\u0111ena od malahita, nanizana na meku, ali \u010dvrstu \u010deli\u010dnu \u017eicu i zavr\u0161ena elementima presvu\u010denim srebrnim rodijem. Slika je simboli\u010dna. Mogu\u0107a su manja odstupanja u boji i te\u017eini.  <\/p>\n<p>MATERIJAL: Malahit, rebro 925 presvu\u010deno rodijem<br \/>\nDU\u017dINA: podesiva 17-19,5 cm<br \/>\nTE\u017dINA: 21,1 g<br \/>\nVELI\u010cINA KAMENA: 8 mm<br \/>\nKOP\u010cA: 9 mm<\/p>","protected":false},"excerpt":{"rendered":"<p>Elegantna zapestnica kolekcije Clasic, ki je narejena iz Malahita, nizana na mehko, vendar mo\u010dno jekleno \u017eico in zaklju\u010dena s srebrnimi rodiniranimi elementi. Slika je simboli\u010dna. Mo\u017ena so manj\u0161a odstopanja v barvi in te\u017ei. MATERIAL: Malahit, rodinirano rebro 925 DOL\u017dINA: prilagodljiva 17-19.5 cm TE\u017dA: 21.1 g VELIKOST KAMNOV: 8 mm ZAPONKA: 9 mm<\/p>","protected":false},"featured_media":20886,"template":"","meta":[],"product_brand":[],"product_cat":[208,820,60,821,822,1137],"product_tag":[399,1087],"class_list":{"0":"post-20885","1":"product","2":"type-product","3":"status-publish","4":"has-post-thumbnail","6":"product_cat-clasic","7":"product_cat-do-18cm","8":"product_cat-malahit","9":"product_cat-od-18-do-19cm","10":"product_cat-od-19-do-20cm","11":"product_cat-ogled-vseh-zapestnice-2","12":"product_tag-malahit","13":"product_tag-rodinirano-rebro-925","15":"first","16":"instock","17":"shipping-taxable","18":"purchasable","19":"product-type-simple"},"_links":{"self":[{"href":"https:\/\/moirai.si\/hr\/wp-json\/wp\/v2\/product\/20885","targetHints":{"allow":["GET"]}}],"collection":[{"href":"https:\/\/moirai.si\/hr\/wp-json\/wp\/v2\/product"}],"about":[{"href":"https:\/\/moirai.si\/hr\/wp-json\/wp\/v2\/types\/product"}],"wp:featuredmedia":[{"embeddable":true,"href":"https:\/\/moirai.si\/hr\/wp-json\/wp\/v2\/media\/20886"}],"wp:attachment":[{"href":"https:\/\/moirai.si\/hr\/wp-json\/wp\/v2\/media?parent=20885"}],"wp:term":[{"taxonomy":"product_brand","embeddable":true,"href":"https:\/\/moirai.si\/hr\/wp-json\/wp\/v2\/product_brand?post=20885"},{"taxonomy":"product_cat","embeddable":true,"href":"https:\/\/moirai.si\/hr\/wp-json\/wp\/v2\/product_cat?post=20885"},{"taxonomy":"product_tag","embeddable":true,"href":"https:\/\/moirai.si\/hr\/wp-json\/wp\/v2\/product_tag?post=20885"}],"curies":[{"name":"wp","href":"https:\/\/api.w.org\/{rel}","templated":true}]}}