{"id":20891,"date":"2022-01-10T11:53:40","date_gmt":"2022-01-10T11:53:40","guid":{"rendered":"https:\/\/moirai.si\/?post_type=product&#038;p=20891"},"modified":"2025-11-24T12:29:21","modified_gmt":"2025-11-24T12:29:21","slug":"argo-tigrovo-oko","status":"publish","type":"product","link":"https:\/\/moirai.si\/hr\/izdelek\/argo-tigrovo-oko\/","title":{"rendered":"Argo Tigrovo oko"},"content":{"rendered":"<p>Elegantna narukvica iz kolekcije Argo, izra\u0111ena od Tigrovog oka i elemenata od rodiranog srebra 925. Narukvica je nanizana na meku, ali \u010dvrstu \u010deli\u010dnu \u017eicu. Slika je simboli\u010dna. Mogu\u0107a su manja odstupanja u boji i te\u017eini.<\/p>\n<p>MATERIJAL: Tigrovo oko, srebro 925 s rodijem<br \/>\nDU\u017dINA: podesiva 17-19,5 cm<br \/>\nTE\u017dINA: 9,3 g<br \/>\nVELI\u010cINA KAMENA: 6-10 mm<br \/>\nKOP\u010cA: 9 mm<\/p>","protected":false},"excerpt":{"rendered":"<p>Elegantna zapestnica kolekcije Argo, ki je narejena iz Tigrovega O\u010desa ter rodiniranimi srebrnimi 925 elementi. Zapestnica je nizana na mehko, vendar mo\u010dno jekleno \u017eico. Slika je simboli\u010dna. Mo\u017ena so manj\u0161a odstopanja v barvi in te\u017ei. MATERIAL: Tigrovo Oko, rodinirano srebro 925 DOL\u017dINA: prilagodljiva 17-19,5 cm TE\u017dA: 9.3 g VELIKOST KAMNOV: 6-10 mm ZAPONKA: 9 mm<\/p>","protected":false},"featured_media":20892,"template":"","meta":[],"product_brand":[],"product_cat":[191,820,821,822,1137,81],"product_tag":[637,199],"class_list":{"0":"post-20891","1":"product","2":"type-product","3":"status-publish","4":"has-post-thumbnail","6":"product_cat-argo","7":"product_cat-do-18cm","8":"product_cat-od-18-do-19cm","9":"product_cat-od-19-do-20cm","10":"product_cat-ogled-vseh-zapestnice-2","11":"product_cat-tigrovo-oko","12":"product_tag-rodinirano-srebro-925","13":"product_tag-tigrovo-oko","15":"first","16":"instock","17":"shipping-taxable","18":"purchasable","19":"product-type-simple"},"_links":{"self":[{"href":"https:\/\/moirai.si\/hr\/wp-json\/wp\/v2\/product\/20891","targetHints":{"allow":["GET"]}}],"collection":[{"href":"https:\/\/moirai.si\/hr\/wp-json\/wp\/v2\/product"}],"about":[{"href":"https:\/\/moirai.si\/hr\/wp-json\/wp\/v2\/types\/product"}],"wp:featuredmedia":[{"embeddable":true,"href":"https:\/\/moirai.si\/hr\/wp-json\/wp\/v2\/media\/20892"}],"wp:attachment":[{"href":"https:\/\/moirai.si\/hr\/wp-json\/wp\/v2\/media?parent=20891"}],"wp:term":[{"taxonomy":"product_brand","embeddable":true,"href":"https:\/\/moirai.si\/hr\/wp-json\/wp\/v2\/product_brand?post=20891"},{"taxonomy":"product_cat","embeddable":true,"href":"https:\/\/moirai.si\/hr\/wp-json\/wp\/v2\/product_cat?post=20891"},{"taxonomy":"product_tag","embeddable":true,"href":"https:\/\/moirai.si\/hr\/wp-json\/wp\/v2\/product_tag?post=20891"}],"curies":[{"name":"wp","href":"https:\/\/api.w.org\/{rel}","templated":true}]}}