{"id":20893,"date":"2022-01-10T11:55:07","date_gmt":"2022-01-10T11:55:07","guid":{"rendered":"https:\/\/moirai.si\/?post_type=product&#038;p=20893"},"modified":"2025-01-13T14:32:36","modified_gmt":"2025-01-13T14:32:36","slug":"argo-iolit","status":"publish","type":"product","link":"https:\/\/moirai.si\/hr\/izdelek\/argo-iolit\/","title":{"rendered":"Argo Iolit"},"content":{"rendered":"<p>Elegantna narukvica iz kolekcije Argo, izra\u0111ena od iolita i elemenata 925 srebra. Narukvica je nanizana na meku, ali \u010dvrstu \u010deli\u010dnu \u017eicu. <\/p>\n<p>MATERIJAL: Iolit, srebro 925<br \/>\nDULJINA: podesiva 16,5-19 cm<br \/>\nTE\u017dINA: 6,7 g<br \/>\nVELI\u010cINA KAMENA: 8-12 mm<br \/>\nKOP\u010cA: 9 mm<\/p>","protected":false},"excerpt":{"rendered":"<p>Elegantna zapestnica kolekcije Argo, ki je narejena iz Iolita ter srebrnimi 925 elementi. Zapestnica je nizana na mehko, vendar mo\u010dno jekleno \u017eico. MATERIAL: Iolit, Srebro 925 DOL\u017dINA: prilagodljiva 16,5-19 cm TE\u017dA: 6.7 g VELIKOST KAMNOV: 8-12 mm ZAPONKA: 9 mm<\/p>","protected":false},"featured_media":23975,"template":"","meta":[],"product_brand":[],"product_cat":[191,820,821,822,1137],"product_tag":[1014,371],"class_list":{"0":"post-20893","1":"product","2":"type-product","3":"status-publish","4":"has-post-thumbnail","6":"product_cat-argo","7":"product_cat-do-18cm","8":"product_cat-od-18-do-19cm","9":"product_cat-od-19-do-20cm","10":"product_cat-ogled-vseh-zapestnice-2","11":"product_tag-iolit","12":"product_tag-srebro-925","14":"first","15":"instock","16":"shipping-taxable","17":"purchasable","18":"product-type-simple"},"_links":{"self":[{"href":"https:\/\/moirai.si\/hr\/wp-json\/wp\/v2\/product\/20893","targetHints":{"allow":["GET"]}}],"collection":[{"href":"https:\/\/moirai.si\/hr\/wp-json\/wp\/v2\/product"}],"about":[{"href":"https:\/\/moirai.si\/hr\/wp-json\/wp\/v2\/types\/product"}],"wp:featuredmedia":[{"embeddable":true,"href":"https:\/\/moirai.si\/hr\/wp-json\/wp\/v2\/media\/23975"}],"wp:attachment":[{"href":"https:\/\/moirai.si\/hr\/wp-json\/wp\/v2\/media?parent=20893"}],"wp:term":[{"taxonomy":"product_brand","embeddable":true,"href":"https:\/\/moirai.si\/hr\/wp-json\/wp\/v2\/product_brand?post=20893"},{"taxonomy":"product_cat","embeddable":true,"href":"https:\/\/moirai.si\/hr\/wp-json\/wp\/v2\/product_cat?post=20893"},{"taxonomy":"product_tag","embeddable":true,"href":"https:\/\/moirai.si\/hr\/wp-json\/wp\/v2\/product_tag?post=20893"}],"curies":[{"name":"wp","href":"https:\/\/api.w.org\/{rel}","templated":true}]}}