{"id":20908,"date":"2022-01-10T12:51:56","date_gmt":"2022-01-10T12:51:56","guid":{"rendered":"https:\/\/moirai.si\/?post_type=product&#038;p=20908"},"modified":"2025-01-13T14:31:29","modified_gmt":"2025-01-13T14:31:29","slug":"clasic-sokolje-oko","status":"publish","type":"product","link":"https:\/\/moirai.si\/hr\/izdelek\/clasic-sokolje-oko\/","title":{"rendered":"Clasic Sokolovo oko"},"content":{"rendered":"<p>Elegantna zapestnica kolekcije Clasic, ki je narejena iz Sokoljega O\u010desa. Zapestnica je nizana na mehko, vendar mo\u010dno jekleno \u017eico in zaklju\u010dena s srebrnimi elementi. Slika je simboli\u010dna, mo\u017ena so manj\u0161a odstopanja v barvi in te\u017ei.<\/p>\n<p>MATERIAL: Sokolje Oko (\u010drno Tigrovo Oko), Srebro 925<br \/>\nDU\u017dINA: podesiva 17-19,5 cm<br \/>\nTE\u017dINA: 9,8 g<br \/>\nVELI\u010cINA KAMENA: 6 mm<br \/>\nKOP\u010cA: 9 mm<\/p>","protected":false},"excerpt":{"rendered":"<p>Elegantna zapestnica kolekcije Clasic, ki je narejena iz Sokoljega O\u010desa. Zapestnica je nizana na mehko, vendar mo\u010dno jekleno \u017eico in zaklju\u010dena s srebrnimi elementi. Slika je simboli\u010dna, mo\u017ena so manj\u0161a odstopanja v barvi in te\u017ei. MATERIAL: Sokolje Oko (\u010drno Tigrovo Oko), Srebro 925 DOL\u017dINA: prilagodljiva 17-19.5 cm TE\u017dA: 9.8 g VELIKOST KAMNOV: 6 mm ZAPONKA: [&hellip;]<\/p>\n","protected":false},"featured_media":20909,"template":"","meta":[],"product_brand":[],"product_cat":[208,820,821,822,1137,76,81],"product_tag":[1017,371],"class_list":{"0":"post-20908","1":"product","2":"type-product","3":"status-publish","4":"has-post-thumbnail","6":"product_cat-clasic","7":"product_cat-do-18cm","8":"product_cat-od-18-do-19cm","9":"product_cat-od-19-do-20cm","10":"product_cat-ogled-vseh-zapestnice-2","11":"product_cat-sokolje-oko","12":"product_cat-tigrovo-oko","13":"product_tag-sokolje-oko-crno-tigrovo-oko","14":"product_tag-srebro-925","16":"first","17":"instock","18":"shipping-taxable","19":"purchasable","20":"product-type-simple"},"_links":{"self":[{"href":"https:\/\/moirai.si\/hr\/wp-json\/wp\/v2\/product\/20908","targetHints":{"allow":["GET"]}}],"collection":[{"href":"https:\/\/moirai.si\/hr\/wp-json\/wp\/v2\/product"}],"about":[{"href":"https:\/\/moirai.si\/hr\/wp-json\/wp\/v2\/types\/product"}],"wp:featuredmedia":[{"embeddable":true,"href":"https:\/\/moirai.si\/hr\/wp-json\/wp\/v2\/media\/20909"}],"wp:attachment":[{"href":"https:\/\/moirai.si\/hr\/wp-json\/wp\/v2\/media?parent=20908"}],"wp:term":[{"taxonomy":"product_brand","embeddable":true,"href":"https:\/\/moirai.si\/hr\/wp-json\/wp\/v2\/product_brand?post=20908"},{"taxonomy":"product_cat","embeddable":true,"href":"https:\/\/moirai.si\/hr\/wp-json\/wp\/v2\/product_cat?post=20908"},{"taxonomy":"product_tag","embeddable":true,"href":"https:\/\/moirai.si\/hr\/wp-json\/wp\/v2\/product_tag?post=20908"}],"curies":[{"name":"wp","href":"https:\/\/api.w.org\/{rel}","templated":true}]}}