{"id":20912,"date":"2022-01-10T12:54:45","date_gmt":"2022-01-10T12:54:45","guid":{"rendered":"https:\/\/moirai.si\/?post_type=product&#038;p=20912"},"modified":"2026-03-29T14:40:53","modified_gmt":"2026-03-29T14:40:53","slug":"clasic-labradorit-5","status":"publish","type":"product","link":"https:\/\/moirai.si\/hr\/izdelek\/clasic-labradorit-5\/","title":{"rendered":"Clasic Labradorit"},"content":{"rendered":"<p>Elegantna narukvica iz kolekcije Clasic koja je izra\u0111ena od Labradorita. Slika je simboli\u010dna. Mogu\u0107a su mala odstupanja u boji.<\/p>\n<p>MATERIJAL: Labradorit, rodinirano srebro fino\u0107e 925<br \/>\nDU\u017dINA: podesiva 17,5-20 cm<br \/>\nTE\u017dINA: 13,6 g<br \/>\nVELI\u010cINA KAMENA: 6-8 mm<br \/>\nKOP\u010cA: 9 mm<\/p>","protected":false},"excerpt":{"rendered":"<p>Elegantna zapestnica kolekcije Clasic, ki je narejena iz Labradorita. Zapestnica je nizana na mehko, vendar mo\u010dno jekleno \u017eico in zaklju\u010dena s srebrnimi rodiniranimi elementi. Slika je simboli\u010dna. Mo\u017ena so manj\u0161a odstopanja v barvi in te\u017ei. MATERIAL: Labradorit, rodinirano srebro 925 DOL\u017dINA: prilagodljiva 17.5-20 cm TE\u017dA: 13.6 g VELIKOST KAMNOV: 6-8 mm ZAPONKA: 9 mm<\/p>","protected":false},"featured_media":24980,"template":"","meta":[],"product_brand":[],"product_cat":[208,820,54,821,822,823,1137],"product_tag":[294,637],"class_list":{"0":"post-20912","1":"product","2":"type-product","3":"status-publish","4":"has-post-thumbnail","6":"product_cat-clasic","7":"product_cat-do-18cm","8":"product_cat-labradorit","9":"product_cat-od-18-do-19cm","10":"product_cat-od-19-do-20cm","11":"product_cat-od-20cm","12":"product_cat-ogled-vseh-zapestnice-2","13":"product_tag-labradorit","14":"product_tag-rodinirano-srebro-925","16":"first","17":"outofstock","18":"shipping-taxable","19":"purchasable","20":"product-type-simple"},"_links":{"self":[{"href":"https:\/\/moirai.si\/hr\/wp-json\/wp\/v2\/product\/20912","targetHints":{"allow":["GET"]}}],"collection":[{"href":"https:\/\/moirai.si\/hr\/wp-json\/wp\/v2\/product"}],"about":[{"href":"https:\/\/moirai.si\/hr\/wp-json\/wp\/v2\/types\/product"}],"wp:featuredmedia":[{"embeddable":true,"href":"https:\/\/moirai.si\/hr\/wp-json\/wp\/v2\/media\/24980"}],"wp:attachment":[{"href":"https:\/\/moirai.si\/hr\/wp-json\/wp\/v2\/media?parent=20912"}],"wp:term":[{"taxonomy":"product_brand","embeddable":true,"href":"https:\/\/moirai.si\/hr\/wp-json\/wp\/v2\/product_brand?post=20912"},{"taxonomy":"product_cat","embeddable":true,"href":"https:\/\/moirai.si\/hr\/wp-json\/wp\/v2\/product_cat?post=20912"},{"taxonomy":"product_tag","embeddable":true,"href":"https:\/\/moirai.si\/hr\/wp-json\/wp\/v2\/product_tag?post=20912"}],"curies":[{"name":"wp","href":"https:\/\/api.w.org\/{rel}","templated":true}]}}