{"id":20918,"date":"2022-01-10T15:51:41","date_gmt":"2022-01-10T15:51:41","guid":{"rendered":"https:\/\/moirai.si\/?post_type=product&#038;p=20918"},"modified":"2025-01-13T14:30:54","modified_gmt":"2025-01-13T14:30:54","slug":"ella-kamena-strela-2","status":"publish","type":"product","link":"https:\/\/moirai.si\/hr\/izdelek\/ella-kamena-strela-2\/","title":{"rendered":"Ella Gorski kristal"},"content":{"rendered":"<p>Elegantna zapestnica kolekcije Ella, ki je narejena iz Kamene Strele. Zapestnica je nizana na mehko, vendar mo\u010dno jekleno \u017eico in zaklju\u010dena s srebrnimi 925 elementi. <\/p>\n<p>Vi\u0161e informacija: <a href=\"https:\/\/moirai.si\/hr\/gorski-kristal\/\" target=\"_blank\" rel=\"noopener noreferrer\">Gorski Kristal<\/a><\/p>\n<p>MATERIAL: Gorski Kristal, Srebro 925<br \/>\nDU\u017dINA: podesiva 17,5-20 cm<br \/>\nTE\u017dINA: 17,3 g<br \/>\nVELIKOST KAMNOV: 6-20 mm<br \/>\nKOP\u010cA: 9 mm<\/p>","protected":false},"excerpt":{"rendered":"<p>Elegantna zapestnica kolekcije Ella, ki je narejena iz Kamene Strele. Zapestnica je nizana na mehko, vendar mo\u010dno jekleno \u017eico in zaklju\u010dena s srebrnimi 925 elementi. Ve\u010d informacij: Kamena Strela MATERIAL: Kamena Strela (Gorski Kristal), Srebro 925 DOL\u017dINA: prilagodljiva 17.5-20 cm TE\u017dA: 17.3 g VELIKOST KAMNOV: 6-20 mm ZAPONKA: 9 mm<\/p>","protected":false},"featured_media":20920,"template":"","meta":[],"product_brand":[],"product_cat":[820,289,68,821,822,823,1137],"product_tag":[690,371],"class_list":{"0":"post-20918","1":"product","2":"type-product","3":"status-publish","4":"has-post-thumbnail","6":"product_cat-do-18cm","7":"product_cat-ella","8":"product_cat-kamena-strela","9":"product_cat-od-18-do-19cm","10":"product_cat-od-19-do-20cm","11":"product_cat-od-20cm","12":"product_cat-ogled-vseh-zapestnice-2","13":"product_tag-kamena-strela-gorski-kristal","14":"product_tag-srebro-925","16":"first","17":"instock","18":"shipping-taxable","19":"purchasable","20":"product-type-simple"},"_links":{"self":[{"href":"https:\/\/moirai.si\/hr\/wp-json\/wp\/v2\/product\/20918","targetHints":{"allow":["GET"]}}],"collection":[{"href":"https:\/\/moirai.si\/hr\/wp-json\/wp\/v2\/product"}],"about":[{"href":"https:\/\/moirai.si\/hr\/wp-json\/wp\/v2\/types\/product"}],"wp:featuredmedia":[{"embeddable":true,"href":"https:\/\/moirai.si\/hr\/wp-json\/wp\/v2\/media\/20920"}],"wp:attachment":[{"href":"https:\/\/moirai.si\/hr\/wp-json\/wp\/v2\/media?parent=20918"}],"wp:term":[{"taxonomy":"product_brand","embeddable":true,"href":"https:\/\/moirai.si\/hr\/wp-json\/wp\/v2\/product_brand?post=20918"},{"taxonomy":"product_cat","embeddable":true,"href":"https:\/\/moirai.si\/hr\/wp-json\/wp\/v2\/product_cat?post=20918"},{"taxonomy":"product_tag","embeddable":true,"href":"https:\/\/moirai.si\/hr\/wp-json\/wp\/v2\/product_tag?post=20918"}],"curies":[{"name":"wp","href":"https:\/\/api.w.org\/{rel}","templated":true}]}}