{"id":20921,"date":"2022-01-10T15:52:56","date_gmt":"2022-01-10T15:52:56","guid":{"rendered":"https:\/\/moirai.si\/?post_type=product&#038;p=20921"},"modified":"2025-10-23T10:33:04","modified_gmt":"2025-10-23T10:33:04","slug":"ella-ametist-3","status":"publish","type":"product","link":"https:\/\/moirai.si\/hr\/izdelek\/ella-ametist-3\/","title":{"rendered":"Ella Ametist"},"content":{"rendered":"<p>Elegantna narukvica iz kolekcije Ella, izra\u0111ena od ametista. Narukvica je nanizana na meku, ali \u010dvrstu \u010deli\u010dnu \u017eicu i zavr\u0161ena je elementima od 925 srebra. <\/p>\n<p>Vi\u0161e informacija: <a href=\"https:\/\/moirai.si\/hr\/ametist\/\" target=\"_blank\" rel=\"noopener noreferrer\">Ametist<\/a><\/p>\n<p>MATERIJAL: Ametist, srebro 925<br \/>\nDU\u017dINA: podesiva 16,5-19 cm<br \/>\nTE\u017dINA: 17,3 g<br \/>\nVELI\u010cINA KAMENA: 6-18 mm<br \/>\nKOP\u010cA: 9 mm<\/p>","protected":false},"excerpt":{"rendered":"<p>Elegantna zapestnica kolekcije Ella, ki je narejena iz Ametista. Zapestnica je nizana na mehko, vendar mo\u010dno jekleno \u017eico in zaklju\u010dena s srebrnimi 925 elementi. Ve\u010d informacij: Ametist MATERIAL: Ametist, Srebro 925 DOL\u017dINA: prilagodljiva 16.5-19 cm TE\u017dA: 17.3 g VELIKOST KAMNOV: 6-18 mm ZAPONKA: 9 mm<\/p>","protected":false},"featured_media":20922,"template":"","meta":[],"product_brand":[],"product_cat":[33,820,289,848,821,822,1137],"product_tag":[195,371],"class_list":{"0":"post-20921","1":"product","2":"type-product","3":"status-publish","4":"has-post-thumbnail","6":"product_cat-ametist","7":"product_cat-do-18cm","8":"product_cat-ella","9":"product_cat-kvarc","10":"product_cat-od-18-do-19cm","11":"product_cat-od-19-do-20cm","12":"product_cat-ogled-vseh-zapestnice-2","13":"product_tag-ametist","14":"product_tag-srebro-925","16":"first","17":"instock","18":"shipping-taxable","19":"purchasable","20":"product-type-simple"},"_links":{"self":[{"href":"https:\/\/moirai.si\/hr\/wp-json\/wp\/v2\/product\/20921","targetHints":{"allow":["GET"]}}],"collection":[{"href":"https:\/\/moirai.si\/hr\/wp-json\/wp\/v2\/product"}],"about":[{"href":"https:\/\/moirai.si\/hr\/wp-json\/wp\/v2\/types\/product"}],"wp:featuredmedia":[{"embeddable":true,"href":"https:\/\/moirai.si\/hr\/wp-json\/wp\/v2\/media\/20922"}],"wp:attachment":[{"href":"https:\/\/moirai.si\/hr\/wp-json\/wp\/v2\/media?parent=20921"}],"wp:term":[{"taxonomy":"product_brand","embeddable":true,"href":"https:\/\/moirai.si\/hr\/wp-json\/wp\/v2\/product_brand?post=20921"},{"taxonomy":"product_cat","embeddable":true,"href":"https:\/\/moirai.si\/hr\/wp-json\/wp\/v2\/product_cat?post=20921"},{"taxonomy":"product_tag","embeddable":true,"href":"https:\/\/moirai.si\/hr\/wp-json\/wp\/v2\/product_tag?post=20921"}],"curies":[{"name":"wp","href":"https:\/\/api.w.org\/{rel}","templated":true}]}}