{"id":20931,"date":"2022-01-10T15:59:29","date_gmt":"2022-01-10T15:59:29","guid":{"rendered":"https:\/\/moirai.si\/?post_type=product&#038;p=20931"},"modified":"2025-11-18T19:39:38","modified_gmt":"2025-11-18T19:39:38","slug":"mali-iolit-2","status":"publish","type":"product","link":"https:\/\/moirai.si\/hr\/izdelek\/le-petit-iolit-2\/","title":{"rendered":"Le Petit Iolite"},"content":{"rendered":"<p>Nje\u017ena narukvica iz kolekcije Le Petit, izra\u0111ena od iolita. Narukvica je nanizana na meku, ali \u010dvrstu \u010deli\u010dnu \u017eicu i zavr\u0161ena srebrnim elementima. <\/p>\n<p>MATERIJAL: Iolit, srebro 925<br \/>\nDU\u017dINA: podesiva 16,5-19 cm<br \/>\nTE\u017dINA: 4,5 g<br \/>\nVELI\u010cINA KAMENA: 5-8 mm<br \/>\nKOP\u010cA: 9 mm<\/p>","protected":false},"excerpt":{"rendered":"<p>Ne\u017ena zapestnica kolekcije Le Petit, ki je narejena iz Iolita. Zapestnica je nizana na mehko, vendar mo\u010dno jekleno \u017eico in zaklju\u010dena s srebrnimi elementi. MATERIAL: Iolit, Srebro 925 DOL\u017dINA: prilagodljiva 16.5-19 cm TE\u017dA: 4.5 g VELIKOST KAMNOV: 5-8 mm ZAPONKA: 9 mm<\/p>","protected":false},"featured_media":23976,"template":"","meta":[],"product_brand":[],"product_cat":[820,211,821,822,1137],"product_tag":[1014,371],"class_list":{"0":"post-20931","1":"product","2":"type-product","3":"status-publish","4":"has-post-thumbnail","6":"product_cat-do-18cm","7":"product_cat-le-petit","8":"product_cat-od-18-do-19cm","9":"product_cat-od-19-do-20cm","10":"product_cat-ogled-vseh-zapestnice-2","11":"product_tag-iolit","12":"product_tag-srebro-925","14":"first","15":"outofstock","16":"shipping-taxable","17":"purchasable","18":"product-type-simple"},"_links":{"self":[{"href":"https:\/\/moirai.si\/hr\/wp-json\/wp\/v2\/product\/20931","targetHints":{"allow":["GET"]}}],"collection":[{"href":"https:\/\/moirai.si\/hr\/wp-json\/wp\/v2\/product"}],"about":[{"href":"https:\/\/moirai.si\/hr\/wp-json\/wp\/v2\/types\/product"}],"wp:featuredmedia":[{"embeddable":true,"href":"https:\/\/moirai.si\/hr\/wp-json\/wp\/v2\/media\/23976"}],"wp:attachment":[{"href":"https:\/\/moirai.si\/hr\/wp-json\/wp\/v2\/media?parent=20931"}],"wp:term":[{"taxonomy":"product_brand","embeddable":true,"href":"https:\/\/moirai.si\/hr\/wp-json\/wp\/v2\/product_brand?post=20931"},{"taxonomy":"product_cat","embeddable":true,"href":"https:\/\/moirai.si\/hr\/wp-json\/wp\/v2\/product_cat?post=20931"},{"taxonomy":"product_tag","embeddable":true,"href":"https:\/\/moirai.si\/hr\/wp-json\/wp\/v2\/product_tag?post=20931"}],"curies":[{"name":"wp","href":"https:\/\/api.w.org\/{rel}","templated":true}]}}