{"id":21007,"date":"2022-01-28T12:19:37","date_gmt":"2022-01-28T12:19:37","guid":{"rendered":"https:\/\/moirai.si\/?post_type=product&#038;p=21007"},"modified":"2025-12-16T14:11:02","modified_gmt":"2025-12-16T14:11:02","slug":"mali-ahat-2","status":"publish","type":"product","link":"https:\/\/moirai.si\/hr\/izdelek\/le-petit-ahat-2\/","title":{"rendered":"Le Petit Ahat"},"content":{"rendered":"<p>Elegantne nau\u0161nice iz kolekcije Le Petit, koje su izra\u0111ene od ahata i 925 srebra. Slika je simboli\u010dna. Mogu\u0107a su mala odstupanja u boji.<\/p>\n<p>Vi\u0161e informacija: <a href=\"https:\/\/moirai.si\/hr\/ahat\/\" target=\"_blank\" rel=\"noopener noreferrer\">Ahat<\/a><\/p>\n<p>MATERIJAL: Ahat, srebro 925<br \/>\nVELI\u010cINA KAMENA: 8 mm<br \/>\nTE\u017dINA: 2,3 g<br \/>\nDU\u017dINA: 2 cm<\/p>","protected":false},"excerpt":{"rendered":"<p>Elegantni uhani kolekcije Le Petit, ki so narejeni iz Ahata in srebra 925. Slika je simboli\u010dna. Mo\u017ena so manj\u0161a odstopanja v barvi. Ve\u010d informacij: Ahat MATERIAL: Ahat, srebro 925 VELIKOST KAMNOV: 8 mm TE\u017dA: 2.3 g DOL\u017dINA: 2 cm<\/p>","protected":false},"featured_media":25596,"template":"","meta":[],"product_brand":[],"product_cat":[30,211,1138,27,1143],"product_tag":[277,371],"class_list":{"0":"post-21007","1":"product","2":"type-product","3":"status-publish","4":"has-post-thumbnail","6":"product_cat-ahat","7":"product_cat-le-petit","8":"product_cat-ogled-vseh-uhani","9":"product_cat-uhani","10":"product_cat-uhani-le-petit","11":"product_tag-ahat","12":"product_tag-srebro-925","14":"first","15":"instock","16":"shipping-taxable","17":"purchasable","18":"product-type-simple"},"_links":{"self":[{"href":"https:\/\/moirai.si\/hr\/wp-json\/wp\/v2\/product\/21007","targetHints":{"allow":["GET"]}}],"collection":[{"href":"https:\/\/moirai.si\/hr\/wp-json\/wp\/v2\/product"}],"about":[{"href":"https:\/\/moirai.si\/hr\/wp-json\/wp\/v2\/types\/product"}],"wp:featuredmedia":[{"embeddable":true,"href":"https:\/\/moirai.si\/hr\/wp-json\/wp\/v2\/media\/25596"}],"wp:attachment":[{"href":"https:\/\/moirai.si\/hr\/wp-json\/wp\/v2\/media?parent=21007"}],"wp:term":[{"taxonomy":"product_brand","embeddable":true,"href":"https:\/\/moirai.si\/hr\/wp-json\/wp\/v2\/product_brand?post=21007"},{"taxonomy":"product_cat","embeddable":true,"href":"https:\/\/moirai.si\/hr\/wp-json\/wp\/v2\/product_cat?post=21007"},{"taxonomy":"product_tag","embeddable":true,"href":"https:\/\/moirai.si\/hr\/wp-json\/wp\/v2\/product_tag?post=21007"}],"curies":[{"name":"wp","href":"https:\/\/api.w.org\/{rel}","templated":true}]}}