{"id":21013,"date":"2022-01-28T12:25:25","date_gmt":"2022-01-28T12:25:25","guid":{"rendered":"https:\/\/moirai.si\/?post_type=product&#038;p=21013"},"modified":"2025-12-16T14:19:45","modified_gmt":"2025-12-16T14:19:45","slug":"le-petit-granat-3","status":"publish","type":"product","link":"https:\/\/moirai.si\/hr\/izdelek\/le-petit-granat-3\/","title":{"rendered":"Le Petit Granat"},"content":{"rendered":"<p>Elegantni uhani kolekcije Le Petit, ki so narejeni iz Granata in rodiniranega srebra 925. Slika je simboli\u010dna. Mo\u017ena so manj\u0161a odstopanja v barvi.<\/p>\n<p>Vi\u0161e informacija: <a href=\"https:\/\/moirai.si\/hr\/granat\/\" target=\"_blank\" rel=\"noopener noreferrer\">Granat<\/a><\/p>\n<p>MATERIAL: Granat, rodinirano srebro 925<br \/>\nVELI\u010cINA KAMENA: 8 mm<br \/>\nTE\u017dA: 3.2 g<br \/>\nDU\u017dINA: 2 cm<\/p>","protected":false},"excerpt":{"rendered":"<p>Elegantni uhani kolekcije Le Petit, ki so narejeni iz Granata in rodiniranega srebra 925. Slika je simboli\u010dna. Mo\u017ena so manj\u0161a odstopanja v barvi. Ve\u010d informacij: Granat MATERIAL: Granat, rodinirano srebro 925 VELIKOST KAMNOV: 8 mm TE\u017dA: 3.2 g DOL\u017dINA: 2 cm<\/p>","protected":false},"featured_media":24048,"template":"","meta":[],"product_brand":[],"product_cat":[41,211,1138,27,1143],"product_tag":[201,637],"class_list":{"0":"post-21013","1":"product","2":"type-product","3":"status-publish","4":"has-post-thumbnail","6":"product_cat-granat","7":"product_cat-le-petit","8":"product_cat-ogled-vseh-uhani","9":"product_cat-uhani","10":"product_cat-uhani-le-petit","11":"product_tag-granat","12":"product_tag-rodinirano-srebro-925","14":"first","15":"instock","16":"shipping-taxable","17":"purchasable","18":"product-type-simple"},"_links":{"self":[{"href":"https:\/\/moirai.si\/hr\/wp-json\/wp\/v2\/product\/21013","targetHints":{"allow":["GET"]}}],"collection":[{"href":"https:\/\/moirai.si\/hr\/wp-json\/wp\/v2\/product"}],"about":[{"href":"https:\/\/moirai.si\/hr\/wp-json\/wp\/v2\/types\/product"}],"wp:featuredmedia":[{"embeddable":true,"href":"https:\/\/moirai.si\/hr\/wp-json\/wp\/v2\/media\/24048"}],"wp:attachment":[{"href":"https:\/\/moirai.si\/hr\/wp-json\/wp\/v2\/media?parent=21013"}],"wp:term":[{"taxonomy":"product_brand","embeddable":true,"href":"https:\/\/moirai.si\/hr\/wp-json\/wp\/v2\/product_brand?post=21013"},{"taxonomy":"product_cat","embeddable":true,"href":"https:\/\/moirai.si\/hr\/wp-json\/wp\/v2\/product_cat?post=21013"},{"taxonomy":"product_tag","embeddable":true,"href":"https:\/\/moirai.si\/hr\/wp-json\/wp\/v2\/product_tag?post=21013"}],"curies":[{"name":"wp","href":"https:\/\/api.w.org\/{rel}","templated":true}]}}