{"id":21023,"date":"2022-01-28T12:32:01","date_gmt":"2022-01-28T12:32:01","guid":{"rendered":"https:\/\/moirai.si\/?post_type=product&#038;p=21023"},"modified":"2025-12-16T14:22:56","modified_gmt":"2025-12-16T14:22:56","slug":"le-petit-rodokrozit","status":"publish","type":"product","link":"https:\/\/moirai.si\/hr\/izdelek\/le-petit-rodokrozit\/","title":{"rendered":"Le Petit Rodokrozit"},"content":{"rendered":"<p>Elegantni uhani kolekcije Le Petit, ki so narejeni iz Rodokrozita in srebra 925. Slika je simboli\u010dna. Mo\u017ena so manj\u0161a odstopanja v barvi.<\/p>\n<p>MATERIAL: Rodokrozit, rodinirano srebro 925<br \/>\nVELI\u010cINA KAMENA: 8 mm<br \/>\nTE\u017dINA: 2,9 g<br \/>\nDU\u017dINA: 2 cm<\/p>","protected":false},"excerpt":{"rendered":"<p>Elegantni uhani kolekcije Le Petit, ki so narejeni iz Rodokrozita in srebra 925. Slika je simboli\u010dna. Mo\u017ena so manj\u0161a odstopanja v barvi. MATERIAL: Rodokrozit, rodinirano srebro 925 VELIKOST KAMNOV: 8 mm TE\u017dA: 2.9 g DOL\u017dINA: 2 cm<\/p>","protected":false},"featured_media":25085,"template":"","meta":[],"product_brand":[],"product_cat":[211,1138,71,27,1143],"product_tag":[637,397],"class_list":{"0":"post-21023","1":"product","2":"type-product","3":"status-publish","4":"has-post-thumbnail","6":"product_cat-le-petit","7":"product_cat-ogled-vseh-uhani","8":"product_cat-rodokrozit","9":"product_cat-uhani","10":"product_cat-uhani-le-petit","11":"product_tag-rodinirano-srebro-925","12":"product_tag-rodokrozit","14":"first","15":"instock","16":"shipping-taxable","17":"purchasable","18":"product-type-simple"},"_links":{"self":[{"href":"https:\/\/moirai.si\/hr\/wp-json\/wp\/v2\/product\/21023","targetHints":{"allow":["GET"]}}],"collection":[{"href":"https:\/\/moirai.si\/hr\/wp-json\/wp\/v2\/product"}],"about":[{"href":"https:\/\/moirai.si\/hr\/wp-json\/wp\/v2\/types\/product"}],"wp:featuredmedia":[{"embeddable":true,"href":"https:\/\/moirai.si\/hr\/wp-json\/wp\/v2\/media\/25085"}],"wp:attachment":[{"href":"https:\/\/moirai.si\/hr\/wp-json\/wp\/v2\/media?parent=21023"}],"wp:term":[{"taxonomy":"product_brand","embeddable":true,"href":"https:\/\/moirai.si\/hr\/wp-json\/wp\/v2\/product_brand?post=21023"},{"taxonomy":"product_cat","embeddable":true,"href":"https:\/\/moirai.si\/hr\/wp-json\/wp\/v2\/product_cat?post=21023"},{"taxonomy":"product_tag","embeddable":true,"href":"https:\/\/moirai.si\/hr\/wp-json\/wp\/v2\/product_tag?post=21023"}],"curies":[{"name":"wp","href":"https:\/\/api.w.org\/{rel}","templated":true}]}}