{"id":21035,"date":"2022-01-28T12:40:39","date_gmt":"2022-01-28T12:40:39","guid":{"rendered":"https:\/\/moirai.si\/?post_type=product&#038;p=21035"},"modified":"2025-12-16T14:30:26","modified_gmt":"2025-12-16T14:30:26","slug":"mali-crni-opsidijan","status":"publish","type":"product","link":"https:\/\/moirai.si\/hr\/izdelek\/le-petit-obsidijan-crni\/","title":{"rendered":"Le Petit Opsidijan crni"},"content":{"rendered":"<p>Nau\u0161nice crni Opsidijan i rodinirano srebro 925.<\/p>\n<p>MATERIAL: crni Opsidijan, rodinirano srebro 925<br \/>\nVELI\u010cINA KAMENA: 8 mm<br \/>\nTE\u017dINA: 2,2 g<br \/>\nDU\u017dINA: 2 cm<\/p>","protected":false},"excerpt":{"rendered":"<p>Elegantni uhani kolekcije Le Petit, ki so narejeni iz \u010drnega Obsidijana in rodiniranega srebra 925. MATERIAL: \u010drni Obsidijan, rodinirano srebro 925 VELIKOST KAMNOV: 8 mm TE\u017dA: 2.2 g DOL\u017dINA: 2 cm<\/p>","protected":false},"featured_media":24034,"template":"","meta":[],"product_brand":[],"product_cat":[211,63,1138,27,1143],"product_tag":[868,637],"class_list":{"0":"post-21035","1":"product","2":"type-product","3":"status-publish","4":"has-post-thumbnail","6":"product_cat-le-petit","7":"product_cat-obsidijan","8":"product_cat-ogled-vseh-uhani","9":"product_cat-uhani","10":"product_cat-uhani-le-petit","11":"product_tag-crni-obsidijan","12":"product_tag-rodinirano-srebro-925","14":"first","15":"instock","16":"shipping-taxable","17":"purchasable","18":"product-type-simple"},"_links":{"self":[{"href":"https:\/\/moirai.si\/hr\/wp-json\/wp\/v2\/product\/21035","targetHints":{"allow":["GET"]}}],"collection":[{"href":"https:\/\/moirai.si\/hr\/wp-json\/wp\/v2\/product"}],"about":[{"href":"https:\/\/moirai.si\/hr\/wp-json\/wp\/v2\/types\/product"}],"wp:featuredmedia":[{"embeddable":true,"href":"https:\/\/moirai.si\/hr\/wp-json\/wp\/v2\/media\/24034"}],"wp:attachment":[{"href":"https:\/\/moirai.si\/hr\/wp-json\/wp\/v2\/media?parent=21035"}],"wp:term":[{"taxonomy":"product_brand","embeddable":true,"href":"https:\/\/moirai.si\/hr\/wp-json\/wp\/v2\/product_brand?post=21035"},{"taxonomy":"product_cat","embeddable":true,"href":"https:\/\/moirai.si\/hr\/wp-json\/wp\/v2\/product_cat?post=21035"},{"taxonomy":"product_tag","embeddable":true,"href":"https:\/\/moirai.si\/hr\/wp-json\/wp\/v2\/product_tag?post=21035"}],"curies":[{"name":"wp","href":"https:\/\/api.w.org\/{rel}","templated":true}]}}