{"id":21045,"date":"2022-01-28T13:18:51","date_gmt":"2022-01-28T13:18:51","guid":{"rendered":"https:\/\/moirai.si\/?post_type=product&#038;p=21045"},"modified":"2025-03-16T18:17:10","modified_gmt":"2025-03-16T18:17:10","slug":"argo-kalcit-oranzni","status":"publish","type":"product","link":"https:\/\/moirai.si\/hr\/izdelek\/argo-kalcit-oranzni\/","title":{"rendered":"Argo Kalcit Naran\u010dasti"},"content":{"rendered":"<p>Nau\u0161nice naran\u010dasti Kalcit i rodinirano srebro 925.<\/p>\n<p>Vi\u0161e informacija: <a href=\"https:\/\/moirai.si\/hr\/kalcit\/\" target=\"_blank\" rel=\"noopener noreferrer\">Kalcit<\/a><\/p>\n<p>MATERIAL: naran\u010dasti Kalcit, rodinirano srebro 925<br \/>\nVELI\u010cINA KAMENA: 6-10 mm<br \/>\nTE\u017dA: 4.4 g<br \/>\nDU\u017dINA: 4.5 cm<\/p>","protected":false},"excerpt":{"rendered":"<p>Prikupni uhani kolekcije Argo, ki so narejeni iz Oran\u017enega Kalcita in rodiniranega srebra 925. Slika je simboli\u010dna. Mo\u017ena so manj\u0161a odstopanja v barvi. Ve\u010d informacij: Kalcit MATERIAL: Oran\u017eni Kalcit, rodinirano srebro 925 VELIKOST KAMNOV: 6-10 mm TE\u017dA: 4.4 g DOL\u017dINA: 4.5 cm<\/p>","protected":false},"featured_media":21046,"template":"","meta":[],"product_brand":[],"product_cat":[191,747,1138,27,1140],"product_tag":[741,637],"class_list":{"0":"post-21045","1":"product","2":"type-product","3":"status-publish","4":"has-post-thumbnail","6":"product_cat-argo","7":"product_cat-kalcit","8":"product_cat-ogled-vseh-uhani","9":"product_cat-uhani","10":"product_cat-uhani-argo","11":"product_tag-oranzni-kalcit","12":"product_tag-rodinirano-srebro-925","14":"first","15":"instock","16":"shipping-taxable","17":"purchasable","18":"product-type-simple"},"_links":{"self":[{"href":"https:\/\/moirai.si\/hr\/wp-json\/wp\/v2\/product\/21045","targetHints":{"allow":["GET"]}}],"collection":[{"href":"https:\/\/moirai.si\/hr\/wp-json\/wp\/v2\/product"}],"about":[{"href":"https:\/\/moirai.si\/hr\/wp-json\/wp\/v2\/types\/product"}],"wp:featuredmedia":[{"embeddable":true,"href":"https:\/\/moirai.si\/hr\/wp-json\/wp\/v2\/media\/21046"}],"wp:attachment":[{"href":"https:\/\/moirai.si\/hr\/wp-json\/wp\/v2\/media?parent=21045"}],"wp:term":[{"taxonomy":"product_brand","embeddable":true,"href":"https:\/\/moirai.si\/hr\/wp-json\/wp\/v2\/product_brand?post=21045"},{"taxonomy":"product_cat","embeddable":true,"href":"https:\/\/moirai.si\/hr\/wp-json\/wp\/v2\/product_cat?post=21045"},{"taxonomy":"product_tag","embeddable":true,"href":"https:\/\/moirai.si\/hr\/wp-json\/wp\/v2\/product_tag?post=21045"}],"curies":[{"name":"wp","href":"https:\/\/api.w.org\/{rel}","templated":true}]}}