{"id":21074,"date":"2022-01-28T15:20:14","date_gmt":"2022-01-28T15:20:14","guid":{"rendered":"https:\/\/moirai.si\/?post_type=product&#038;p=21074"},"modified":"2025-01-12T20:23:10","modified_gmt":"2025-01-12T20:23:10","slug":"clasic-turmalin-kvarc-2","status":"publish","type":"product","link":"https:\/\/moirai.si\/hr\/izdelek\/clasic-turmalin-kvarc-2\/","title":{"rendered":"Clasic turmalin kvarc"},"content":{"rendered":"<p>Elegantni uhani kolekcije Clasic, ki so narejeni iz Turmalin Kvarca in rodiniranega srebra 925. Slika je simboli\u010dna. Mo\u017ena so manj\u0161a odstopanja v barvi. <\/p>\n<p>MATERIAL: Turmalin Kvarc, rodinirano srebro 925<br \/>\nVELI\u010cINA KAMENA: 10 mm<br \/>\nTE\u017dINA: 4,2 g<br \/>\nDU\u017dINA NAU\u0160NICE: 3.5 cm<\/p>","protected":false},"excerpt":{"rendered":"<p>Elegantni uhani kolekcije Clasic, ki so narejeni iz Turmalin Kvarca in rodiniranega srebra 925. Slika je simboli\u010dna. Mo\u017ena so manj\u0161a odstopanja v barvi. MATERIAL: Turmalin Kvarc, rodinirano srebro 925 VELIKOST KAMNOV: 10 mm TE\u017dA: 4.2 g DOL\u017dINA UHANA: 3.5 cm<\/p>","protected":false},"featured_media":21075,"template":"","meta":[],"product_brand":[],"product_cat":[208,68,848,1138,85,27,1141],"product_tag":[637,1015],"class_list":{"0":"post-21074","1":"product","2":"type-product","3":"status-publish","4":"has-post-thumbnail","6":"product_cat-clasic","7":"product_cat-kamena-strela","8":"product_cat-kvarc","9":"product_cat-ogled-vseh-uhani","10":"product_cat-turmalin","11":"product_cat-uhani","12":"product_cat-uhani-clasic","13":"product_tag-rodinirano-srebro-925","14":"product_tag-turmalin-kvarc","16":"first","17":"instock","18":"shipping-taxable","19":"purchasable","20":"product-type-simple"},"_links":{"self":[{"href":"https:\/\/moirai.si\/hr\/wp-json\/wp\/v2\/product\/21074","targetHints":{"allow":["GET"]}}],"collection":[{"href":"https:\/\/moirai.si\/hr\/wp-json\/wp\/v2\/product"}],"about":[{"href":"https:\/\/moirai.si\/hr\/wp-json\/wp\/v2\/types\/product"}],"wp:featuredmedia":[{"embeddable":true,"href":"https:\/\/moirai.si\/hr\/wp-json\/wp\/v2\/media\/21075"}],"wp:attachment":[{"href":"https:\/\/moirai.si\/hr\/wp-json\/wp\/v2\/media?parent=21074"}],"wp:term":[{"taxonomy":"product_brand","embeddable":true,"href":"https:\/\/moirai.si\/hr\/wp-json\/wp\/v2\/product_brand?post=21074"},{"taxonomy":"product_cat","embeddable":true,"href":"https:\/\/moirai.si\/hr\/wp-json\/wp\/v2\/product_cat?post=21074"},{"taxonomy":"product_tag","embeddable":true,"href":"https:\/\/moirai.si\/hr\/wp-json\/wp\/v2\/product_tag?post=21074"}],"curies":[{"name":"wp","href":"https:\/\/api.w.org\/{rel}","templated":true}]}}