{"id":21084,"date":"2022-01-28T15:50:55","date_gmt":"2022-01-28T15:50:55","guid":{"rendered":"https:\/\/moirai.si\/?post_type=product&#038;p=21084"},"modified":"2026-02-06T11:23:04","modified_gmt":"2026-02-06T11:23:04","slug":"clasic-tigrovo-oko-7","status":"publish","type":"product","link":"https:\/\/moirai.si\/hr\/izdelek\/clasic-tigrovo-oko-7\/","title":{"rendered":"Clasic Tigrovo Oko"},"content":{"rendered":"<p>Elegantni uhani kolekcije Clasic, ki so narejeni iz Tigrovega O\u010desa in srebra 925.<\/p>\n<p>MATERIJAL: Tigrovo oko, srebro 925<br \/>\nVELI\u010cINA KAMENA: 10 mm<br \/>\nTE\u017dINA: 2,5 g<br \/>\nDU\u017dINA NAU\u0160NICE: 3.5 cm<\/p>","protected":false},"excerpt":{"rendered":"<p>Elegantni uhani kolekcije Clasic, ki so narejeni iz Tigrovega O\u010desa in srebra 925. MATERIAL: Tigrovo Oko, srebro 925 VELIKOST KAMNOV: 10 mm TE\u017dA: 2.5 g DOL\u017dINA UHANA: 3.5 cm<\/p>","protected":false},"featured_media":24073,"template":"","meta":[],"product_brand":[],"product_cat":[208,1138,81,27,1141],"product_tag":[371,199],"class_list":{"0":"post-21084","1":"product","2":"type-product","3":"status-publish","4":"has-post-thumbnail","6":"product_cat-clasic","7":"product_cat-ogled-vseh-uhani","8":"product_cat-tigrovo-oko","9":"product_cat-uhani","10":"product_cat-uhani-clasic","11":"product_tag-srebro-925","12":"product_tag-tigrovo-oko","14":"first","15":"instock","16":"shipping-taxable","17":"purchasable","18":"product-type-simple"},"_links":{"self":[{"href":"https:\/\/moirai.si\/hr\/wp-json\/wp\/v2\/product\/21084","targetHints":{"allow":["GET"]}}],"collection":[{"href":"https:\/\/moirai.si\/hr\/wp-json\/wp\/v2\/product"}],"about":[{"href":"https:\/\/moirai.si\/hr\/wp-json\/wp\/v2\/types\/product"}],"wp:featuredmedia":[{"embeddable":true,"href":"https:\/\/moirai.si\/hr\/wp-json\/wp\/v2\/media\/24073"}],"wp:attachment":[{"href":"https:\/\/moirai.si\/hr\/wp-json\/wp\/v2\/media?parent=21084"}],"wp:term":[{"taxonomy":"product_brand","embeddable":true,"href":"https:\/\/moirai.si\/hr\/wp-json\/wp\/v2\/product_brand?post=21084"},{"taxonomy":"product_cat","embeddable":true,"href":"https:\/\/moirai.si\/hr\/wp-json\/wp\/v2\/product_cat?post=21084"},{"taxonomy":"product_tag","embeddable":true,"href":"https:\/\/moirai.si\/hr\/wp-json\/wp\/v2\/product_tag?post=21084"}],"curies":[{"name":"wp","href":"https:\/\/api.w.org\/{rel}","templated":true}]}}