{"id":21088,"date":"2022-01-28T15:53:44","date_gmt":"2022-01-28T15:53:44","guid":{"rendered":"https:\/\/moirai.si\/?post_type=product&#038;p=21088"},"modified":"2025-01-12T20:07:27","modified_gmt":"2025-01-12T20:07:27","slug":"clasic-kamena-strela-17","status":"publish","type":"product","link":"https:\/\/moirai.si\/hr\/izdelek\/clasic-kamena-strela-17\/","title":{"rendered":"Clasic Gorski kristal"},"content":{"rendered":"<p>Elegantne nau\u0161nice iz kolekcije Classic, izra\u0111ene od Stone Arrow i 925 srebra.<\/p>\n<p>Vi\u0161e informacija: <a href=\"https:\/\/moirai.si\/hr\/gorski-kristal\/\" target=\"_blank\" rel=\"noopener noreferrer\">Gorski Kristal<\/a><\/p>\n<p>MATERIAL: Kamena Strela, srebro 925<br \/>\nVELI\u010cINA KAMENA: 15 mm<br \/>\nTE\u017dINA: 8,2 g<br \/>\nDU\u017dINA NAU\u0160NICE: 4 cm<\/p>","protected":false},"excerpt":{"rendered":"<p>Elegantni uhani kolekcije Clasic, ki so narejeni iz Kamene Strele in srebra 925. Ve\u010d informacij: Kamena Strela MATERIAL: Kamena Strela, srebro 925 VELIKOST KAMNOV: 15 mm TE\u017dA: 8.2 g DOL\u017dINA UHANA: 4 cm<\/p>","protected":false},"featured_media":21089,"template":"","meta":[],"product_brand":[],"product_cat":[208,68,1138,27,1141],"product_tag":[203,371],"class_list":{"0":"post-21088","1":"product","2":"type-product","3":"status-publish","4":"has-post-thumbnail","6":"product_cat-clasic","7":"product_cat-kamena-strela","8":"product_cat-ogled-vseh-uhani","9":"product_cat-uhani","10":"product_cat-uhani-clasic","11":"product_tag-kamena-strela","12":"product_tag-srebro-925","14":"first","15":"instock","16":"shipping-taxable","17":"purchasable","18":"product-type-simple"},"_links":{"self":[{"href":"https:\/\/moirai.si\/hr\/wp-json\/wp\/v2\/product\/21088","targetHints":{"allow":["GET"]}}],"collection":[{"href":"https:\/\/moirai.si\/hr\/wp-json\/wp\/v2\/product"}],"about":[{"href":"https:\/\/moirai.si\/hr\/wp-json\/wp\/v2\/types\/product"}],"wp:featuredmedia":[{"embeddable":true,"href":"https:\/\/moirai.si\/hr\/wp-json\/wp\/v2\/media\/21089"}],"wp:attachment":[{"href":"https:\/\/moirai.si\/hr\/wp-json\/wp\/v2\/media?parent=21088"}],"wp:term":[{"taxonomy":"product_brand","embeddable":true,"href":"https:\/\/moirai.si\/hr\/wp-json\/wp\/v2\/product_brand?post=21088"},{"taxonomy":"product_cat","embeddable":true,"href":"https:\/\/moirai.si\/hr\/wp-json\/wp\/v2\/product_cat?post=21088"},{"taxonomy":"product_tag","embeddable":true,"href":"https:\/\/moirai.si\/hr\/wp-json\/wp\/v2\/product_tag?post=21088"}],"curies":[{"name":"wp","href":"https:\/\/api.w.org\/{rel}","templated":true}]}}