{"id":21128,"date":"2022-02-01T14:40:52","date_gmt":"2022-02-01T14:40:52","guid":{"rendered":"https:\/\/moirai.si\/?post_type=product&#038;p=21128"},"modified":"2025-08-19T20:14:59","modified_gmt":"2025-08-19T20:14:59","slug":"ahat-50","status":"publish","type":"product","link":"https:\/\/moirai.si\/hr\/izdelek\/versy-ahat-50\/","title":{"rendered":"Versy Ahat"},"content":{"rendered":"<p>Jedinstveni privjesak iz Versy kolekcije izra\u0111en od ahata na sme\u0111oj konopljinoj vrpci s podesivom duljinom (povucite \u010dvor gore ili dolje). Ogrlica je unisex i prikladna za djecu i odrasle. <\/p>\n<p>Vi\u0161e informacija: <a href=\"https:\/\/moirai.si\/hr\/ahat\/\" target=\"_blank\" rel=\"noopener noreferrer\">Ahat<\/a><\/p>\n<p>MATERIJAL: Ahat, sme\u0111a konoplja (sme\u0111a konopljina vrpca)<br \/>\nDU\u017dINA: podesiva (38-77 cm)<br \/>\nTE\u017dINA: 29,8 g<br \/>\nVELI\u010cINA KAMENA: 6,8-5,5 cm<br \/>\nDEBLJINA KAMENA: 0,4 mm<\/p>","protected":false},"excerpt":{"rendered":"<p>Unikaten obesek kolekcije Versy iz Ahata na rjavem konopljinem traku s prilagodljivo dol\u017eino (poteg vozla gor oz. dol). Ogrlica je unisex in je primerna za otroke in odrasle. Ve\u010d informacij: Ahat MATERIAL: Ahat, rjava konoplja (rjav trak iz konoplje) DOL\u017dINA: prilagodljiva (38-77 cm) TE\u017dA: 29.8 g VELIKOST KAMNA: 6.8-5.5 cm DEBELINA KAMNA: 0.4mm<\/p>","protected":false},"featured_media":21129,"template":"","meta":[],"product_brand":[],"product_cat":[30,909,309],"product_tag":[277,1037],"class_list":{"0":"post-21128","1":"product","2":"type-product","3":"status-publish","4":"has-post-thumbnail","6":"product_cat-ahat","7":"product_cat-obeski-in-konoplja","8":"product_cat-versy","9":"product_tag-ahat","10":"product_tag-rjava-konoplja-rjav-trak-iz-konoplje","12":"first","13":"instock","14":"shipping-taxable","15":"purchasable","16":"product-type-simple"},"_links":{"self":[{"href":"https:\/\/moirai.si\/hr\/wp-json\/wp\/v2\/product\/21128","targetHints":{"allow":["GET"]}}],"collection":[{"href":"https:\/\/moirai.si\/hr\/wp-json\/wp\/v2\/product"}],"about":[{"href":"https:\/\/moirai.si\/hr\/wp-json\/wp\/v2\/types\/product"}],"wp:featuredmedia":[{"embeddable":true,"href":"https:\/\/moirai.si\/hr\/wp-json\/wp\/v2\/media\/21129"}],"wp:attachment":[{"href":"https:\/\/moirai.si\/hr\/wp-json\/wp\/v2\/media?parent=21128"}],"wp:term":[{"taxonomy":"product_brand","embeddable":true,"href":"https:\/\/moirai.si\/hr\/wp-json\/wp\/v2\/product_brand?post=21128"},{"taxonomy":"product_cat","embeddable":true,"href":"https:\/\/moirai.si\/hr\/wp-json\/wp\/v2\/product_cat?post=21128"},{"taxonomy":"product_tag","embeddable":true,"href":"https:\/\/moirai.si\/hr\/wp-json\/wp\/v2\/product_tag?post=21128"}],"curies":[{"name":"wp","href":"https:\/\/api.w.org\/{rel}","templated":true}]}}