{"id":21156,"date":"2022-02-01T15:41:24","date_gmt":"2022-02-01T15:41:24","guid":{"rendered":"https:\/\/moirai.si\/?post_type=product&#038;p=21156"},"modified":"2025-01-03T10:30:25","modified_gmt":"2025-01-03T10:30:25","slug":"versy-jaspis-rdeci-26","status":"publish","type":"product","link":"https:\/\/moirai.si\/hr\/izdelek\/versy-jaspis-rdeci-26\/","title":{"rendered":"Versy Jaspis Crveni"},"content":{"rendered":"<p>Jedinstveni privjesak iz Versy kolekcije izra\u0111en od crvenog jaspisa na crnoj konopljinoj vrpci s podesivom duljinom (povucite \u010dvor gore ili dolje). Ogrlica je unisex i prikladna za djecu i odrasle. <\/p>\n<p>Vi\u0161e informacija: <a href=\"https:\/\/moirai.si\/hr\/jaspis\/\" target=\"_blank\" rel=\"noopener noreferrer\">Jaspis <\/a><\/p>\n<p>MATERIJAL: Crveni jaspis, crna konoplja (vrpca od crne konoplje)<br \/>\nDU\u017dINA: podesiva (38-77 cm)<br \/>\nTE\u017dINA: 19,1 g<br \/>\nVELIKOST KAMNA: 2.6-3.1 cm<br \/>\nDEBLJINA KAMENA: 1,2 cm<\/p>","protected":false},"excerpt":{"rendered":"<p>Unikaten obesek kolekcije Versy iz Rde\u010dega Jaspisa na \u010drnem konopljinem traku s prilagodljivo dol\u017eino (poteg vozla gor oz. dol). Ogrlica je unisex in je primerna za otroke in odrasle. Ve\u010d informacij: Jaspis MATERIAL: Rde\u010di Jaspis, \u010drna konoplja (\u010drn trak iz konoplje) DOL\u017dINA: prilagodljiva (38-77 cm) TE\u017dA: 19.1 g VELIKOST KAMNA: 2.6-3.1 cm DEBELINA KAMNA: 1.2 [&hellip;]<\/p>\n","protected":false},"featured_media":21157,"template":"","meta":[],"product_brand":[],"product_cat":[47,909,309],"product_tag":[1036,779],"class_list":{"0":"post-21156","1":"product","2":"type-product","3":"status-publish","4":"has-post-thumbnail","6":"product_cat-jaspis","7":"product_cat-obeski-in-konoplja","8":"product_cat-versy","9":"product_tag-crna-konoplja-crn-trak-iz-konoplje","10":"product_tag-rdeci-jaspis","12":"first","13":"instock","14":"shipping-taxable","15":"purchasable","16":"product-type-simple"},"_links":{"self":[{"href":"https:\/\/moirai.si\/hr\/wp-json\/wp\/v2\/product\/21156","targetHints":{"allow":["GET"]}}],"collection":[{"href":"https:\/\/moirai.si\/hr\/wp-json\/wp\/v2\/product"}],"about":[{"href":"https:\/\/moirai.si\/hr\/wp-json\/wp\/v2\/types\/product"}],"wp:featuredmedia":[{"embeddable":true,"href":"https:\/\/moirai.si\/hr\/wp-json\/wp\/v2\/media\/21157"}],"wp:attachment":[{"href":"https:\/\/moirai.si\/hr\/wp-json\/wp\/v2\/media?parent=21156"}],"wp:term":[{"taxonomy":"product_brand","embeddable":true,"href":"https:\/\/moirai.si\/hr\/wp-json\/wp\/v2\/product_brand?post=21156"},{"taxonomy":"product_cat","embeddable":true,"href":"https:\/\/moirai.si\/hr\/wp-json\/wp\/v2\/product_cat?post=21156"},{"taxonomy":"product_tag","embeddable":true,"href":"https:\/\/moirai.si\/hr\/wp-json\/wp\/v2\/product_tag?post=21156"}],"curies":[{"name":"wp","href":"https:\/\/api.w.org\/{rel}","templated":true}]}}