{"id":21348,"date":"2022-02-25T19:03:41","date_gmt":"2022-02-25T19:03:41","guid":{"rendered":"https:\/\/moirai.si\/?post_type=product&#038;p=21348"},"modified":"2026-03-26T12:43:40","modified_gmt":"2026-03-26T12:43:40","slug":"agatovo-stablo-s-2","status":"publish","type":"product","link":"https:\/\/moirai.si\/hr\/izdelek\/ahat-drevesni-s-2\/","title":{"rendered":"Drveni Ahat S"},"content":{"rendered":"<p>Prekrasan komad poliranog drvenog ahata, pogodan kao kamen za iscjeljivanje ili kao dar za va\u0161e najmilije. Slika je simboli\u010dna. Mogu\u0107a su manja odstupanja u boji, te\u017eini i obliku.<\/p>\n<p>Vi\u0161e informacija: <a href=\"https:\/\/moirai.si\/hr\/ahat\/\" target=\"_blank\" rel=\"noopener noreferrer\">Ahat<\/a><\/p>\n<p>MATERIJAL: Drveni ahat<br \/>\nDIMENZIJE: cca 1-1,5 cm<br \/>\nTE\u017dINA: 5-10 g<\/p>","protected":false},"excerpt":{"rendered":"<p>\u010cudovit kos spoliranega Drevesnega Ahata, primeren kot zdravilni ro\u010dni kamen ali kot darilo za va\u0161e najbli\u017enje. Slika je simboli\u010dna. Mo\u017ena so manj\u0161a odstopanja v barvi, te\u017ei in obliki. Ve\u010d informacij: Ahat MATERIAL: Drevesni Ahat DIMENZIJE: cca 1-1,5 cm TE\u017dA: 5-10 g<\/p>","protected":false},"featured_media":25706,"template":"","meta":[],"product_brand":[],"product_cat":[30,753],"product_tag":[482],"class_list":{"0":"post-21348","1":"product","2":"type-product","3":"status-publish","4":"has-post-thumbnail","6":"product_cat-ahat","7":"product_cat-rocni-kamni","8":"product_tag-drevesni-ahat","10":"first","11":"instock","12":"shipping-taxable","13":"purchasable","14":"product-type-simple"},"_links":{"self":[{"href":"https:\/\/moirai.si\/hr\/wp-json\/wp\/v2\/product\/21348","targetHints":{"allow":["GET"]}}],"collection":[{"href":"https:\/\/moirai.si\/hr\/wp-json\/wp\/v2\/product"}],"about":[{"href":"https:\/\/moirai.si\/hr\/wp-json\/wp\/v2\/types\/product"}],"wp:featuredmedia":[{"embeddable":true,"href":"https:\/\/moirai.si\/hr\/wp-json\/wp\/v2\/media\/25706"}],"wp:attachment":[{"href":"https:\/\/moirai.si\/hr\/wp-json\/wp\/v2\/media?parent=21348"}],"wp:term":[{"taxonomy":"product_brand","embeddable":true,"href":"https:\/\/moirai.si\/hr\/wp-json\/wp\/v2\/product_brand?post=21348"},{"taxonomy":"product_cat","embeddable":true,"href":"https:\/\/moirai.si\/hr\/wp-json\/wp\/v2\/product_cat?post=21348"},{"taxonomy":"product_tag","embeddable":true,"href":"https:\/\/moirai.si\/hr\/wp-json\/wp\/v2\/product_tag?post=21348"}],"curies":[{"name":"wp","href":"https:\/\/api.w.org\/{rel}","templated":true}]}}