{"id":21535,"date":"2022-03-15T09:35:39","date_gmt":"2022-03-15T09:35:39","guid":{"rendered":"https:\/\/moirai.si\/?post_type=product&#038;p=21535"},"modified":"2025-01-08T15:59:08","modified_gmt":"2025-01-08T15:59:08","slug":"kamena-munja-26","status":"publish","type":"product","link":"https:\/\/moirai.si\/hr\/izdelek\/kamena-strela-26\/","title":{"rendered":"Gorski Kristal"},"content":{"rendered":"<p>Prekrasan komad Gorskog Kristala. Slika je simboli\u010dna. <\/p>\n<p>Vi\u0161e informacija: <a href=\"https:\/\/moirai.si\/hr\/gorski-kristal\/\" target=\"_blank\" rel=\"noopener noreferrer\">Gorski Kristal<\/a><\/p>\n<p>MATERIJAL: Gorski Kristal<br \/>\nDIMENZIJE: 1,4-2,3 cm<br \/>\nVISINA: 5,6 cm<br \/>\nTE\u017dINA: 19,5 g<\/p>","protected":false},"excerpt":{"rendered":"<p>\u010cudovit kos surove Kamene Strele. Ve\u010d informacij: Kamena Strela MATERIAL: Kamena Strela DIMENZIJE: 1.4-2.3 cm VI\u0160INA: 5.6cm TE\u017dA: 19.5 g<\/p>","protected":false},"featured_media":21536,"template":"","meta":[],"product_brand":[],"product_cat":[68,185],"product_tag":[203],"class_list":{"0":"post-21535","1":"product","2":"type-product","3":"status-publish","4":"has-post-thumbnail","6":"product_cat-kamena-strela","7":"product_cat-kristali-in-minerali","8":"product_tag-kamena-strela","10":"first","11":"instock","12":"shipping-taxable","13":"purchasable","14":"product-type-simple"},"_links":{"self":[{"href":"https:\/\/moirai.si\/hr\/wp-json\/wp\/v2\/product\/21535","targetHints":{"allow":["GET"]}}],"collection":[{"href":"https:\/\/moirai.si\/hr\/wp-json\/wp\/v2\/product"}],"about":[{"href":"https:\/\/moirai.si\/hr\/wp-json\/wp\/v2\/types\/product"}],"wp:featuredmedia":[{"embeddable":true,"href":"https:\/\/moirai.si\/hr\/wp-json\/wp\/v2\/media\/21536"}],"wp:attachment":[{"href":"https:\/\/moirai.si\/hr\/wp-json\/wp\/v2\/media?parent=21535"}],"wp:term":[{"taxonomy":"product_brand","embeddable":true,"href":"https:\/\/moirai.si\/hr\/wp-json\/wp\/v2\/product_brand?post=21535"},{"taxonomy":"product_cat","embeddable":true,"href":"https:\/\/moirai.si\/hr\/wp-json\/wp\/v2\/product_cat?post=21535"},{"taxonomy":"product_tag","embeddable":true,"href":"https:\/\/moirai.si\/hr\/wp-json\/wp\/v2\/product_tag?post=21535"}],"curies":[{"name":"wp","href":"https:\/\/api.w.org\/{rel}","templated":true}]}}