{"id":21666,"date":"2022-04-21T12:17:37","date_gmt":"2022-04-21T12:17:37","guid":{"rendered":"https:\/\/moirai.si\/?post_type=product&#038;p=21666"},"modified":"2026-03-26T17:41:07","modified_gmt":"2026-03-26T17:41:07","slug":"le-petit-biseri","status":"publish","type":"product","link":"https:\/\/moirai.si\/hr\/izdelek\/le-petit-biseri\/","title":{"rendered":"Le Petit Biser"},"content":{"rendered":"<p>Ne\u017ena ogrlica kolekcije Le Petit, ki je narejena iz sladkovodno-gojenih Biserov. Ogrlica je nizana na mehko, vendar mo\u010dno jekleno \u017eico in zaklju\u010dena s srebrnimi 925 elementi. <\/p>\n<p>MATERIJAL: bijeli slatkovodni kultivirani biseri, srebro 925<br \/>\nDULJINA: podesiva 42-45,5cm<br \/>\nTE\u017dA:\t 15,9 g<br \/>\nVELI\u010cINA KAMENA: 6-10mm<br \/>\nKOP\u010cA: 9 mm<\/p>","protected":false},"excerpt":{"rendered":"<p>Ne\u017ena ogrlica kolekcije Le Petit, ki je narejena iz sladkovodno-gojenih Biserov. Ogrlica je nizana na mehko, vendar mo\u010dno jekleno \u017eico in zaklju\u010dena s srebrnimi 925 elementi. MATERIAL: beli sladkovodno-gojeni Biseri, srebro 925 DOL\u017dINA: prilagodljiva 42-45,5cm TE\u017dA: 15,9 g VELIKOST KAMNOV: 6-10mm ZAPONKA: 9 mm<\/p>","protected":false},"featured_media":25864,"template":"","meta":[],"product_brand":[],"product_cat":[687,1135,814,211,815,816,1136],"product_tag":[647,371],"class_list":{"0":"post-21666","1":"product","2":"type-product","3":"status-publish","4":"has-post-thumbnail","6":"product_cat-biser","7":"product_cat-biseri-in-skoljke","8":"product_cat-do-42cm","9":"product_cat-le-petit","10":"product_cat-od-42-do-45cm","11":"product_cat-od-45-do-50cm","12":"product_cat-ogled-vseh","13":"product_tag-beli-sladkovodno-gojeni-biseri","14":"product_tag-srebro-925","16":"first","17":"instock","18":"shipping-taxable","19":"purchasable","20":"product-type-simple"},"_links":{"self":[{"href":"https:\/\/moirai.si\/hr\/wp-json\/wp\/v2\/product\/21666","targetHints":{"allow":["GET"]}}],"collection":[{"href":"https:\/\/moirai.si\/hr\/wp-json\/wp\/v2\/product"}],"about":[{"href":"https:\/\/moirai.si\/hr\/wp-json\/wp\/v2\/types\/product"}],"wp:featuredmedia":[{"embeddable":true,"href":"https:\/\/moirai.si\/hr\/wp-json\/wp\/v2\/media\/25864"}],"wp:attachment":[{"href":"https:\/\/moirai.si\/hr\/wp-json\/wp\/v2\/media?parent=21666"}],"wp:term":[{"taxonomy":"product_brand","embeddable":true,"href":"https:\/\/moirai.si\/hr\/wp-json\/wp\/v2\/product_brand?post=21666"},{"taxonomy":"product_cat","embeddable":true,"href":"https:\/\/moirai.si\/hr\/wp-json\/wp\/v2\/product_cat?post=21666"},{"taxonomy":"product_tag","embeddable":true,"href":"https:\/\/moirai.si\/hr\/wp-json\/wp\/v2\/product_tag?post=21666"}],"curies":[{"name":"wp","href":"https:\/\/api.w.org\/{rel}","templated":true}]}}