{"id":21673,"date":"2022-04-21T13:04:17","date_gmt":"2022-04-21T13:04:17","guid":{"rendered":"https:\/\/moirai.si\/?post_type=product&#038;p=21673"},"modified":"2025-09-25T10:47:04","modified_gmt":"2025-09-25T10:47:04","slug":"makrame-karneol-3","status":"publish","type":"product","link":"https:\/\/moirai.si\/hr\/izdelek\/macrame-karneol-3\/","title":{"rendered":"Macrame Karneol"},"content":{"rendered":"<p>Unisex narukvica iz kolekcije Macrame, izra\u0111ena od karneola. Narukvica je podesiva i jednostavna za no\u0161enje. Slika je simboli\u010dna. Mogu\u0107a su manja odstupanja u boji i te\u017eini.<\/p>\n<p>MATERIJAL: Karneol<br \/>\nDU\u017dINA: podesiva od 16-25cm<br \/>\nTE\u017dINA: 12 g<br \/>\nVELI\u010cINA KAMENA: 6-8 mm<\/p>","protected":false},"excerpt":{"rendered":"<p>Unisex zapestnica kolekcije Macrame, ki je narejena iz Karneola. Zapestnica je prilagodljiva in enostavna za no\u0161enje. Slika je simboli\u010dna. Mo\u017ena so manj\u0161a odstopanja v barvi in te\u017ei. MATERIAL: Karneol DOL\u017dINA: prilagodljiva od 16-25cm TE\u017dA: 12 g VELIKOST KAMNOV: 6-8 mm<\/p>","protected":false},"featured_media":26075,"template":"","meta":[],"product_brand":[],"product_cat":[820,48,212,821,822,823,1137],"product_tag":[198],"class_list":{"0":"post-21673","1":"product","2":"type-product","3":"status-publish","4":"has-post-thumbnail","6":"product_cat-do-18cm","7":"product_cat-karneol","8":"product_cat-macrame-2","9":"product_cat-od-18-do-19cm","10":"product_cat-od-19-do-20cm","11":"product_cat-od-20cm","12":"product_cat-ogled-vseh-zapestnice-2","13":"product_tag-karneol","15":"first","16":"instock","17":"shipping-taxable","18":"purchasable","19":"product-type-simple"},"_links":{"self":[{"href":"https:\/\/moirai.si\/hr\/wp-json\/wp\/v2\/product\/21673","targetHints":{"allow":["GET"]}}],"collection":[{"href":"https:\/\/moirai.si\/hr\/wp-json\/wp\/v2\/product"}],"about":[{"href":"https:\/\/moirai.si\/hr\/wp-json\/wp\/v2\/types\/product"}],"wp:featuredmedia":[{"embeddable":true,"href":"https:\/\/moirai.si\/hr\/wp-json\/wp\/v2\/media\/26075"}],"wp:attachment":[{"href":"https:\/\/moirai.si\/hr\/wp-json\/wp\/v2\/media?parent=21673"}],"wp:term":[{"taxonomy":"product_brand","embeddable":true,"href":"https:\/\/moirai.si\/hr\/wp-json\/wp\/v2\/product_brand?post=21673"},{"taxonomy":"product_cat","embeddable":true,"href":"https:\/\/moirai.si\/hr\/wp-json\/wp\/v2\/product_cat?post=21673"},{"taxonomy":"product_tag","embeddable":true,"href":"https:\/\/moirai.si\/hr\/wp-json\/wp\/v2\/product_tag?post=21673"}],"curies":[{"name":"wp","href":"https:\/\/api.w.org\/{rel}","templated":true}]}}