{"id":21734,"date":"2022-04-22T10:47:02","date_gmt":"2022-04-22T10:47:02","guid":{"rendered":"https:\/\/moirai.si\/?post_type=product&#038;p=21734"},"modified":"2026-02-06T11:23:36","modified_gmt":"2026-02-06T11:23:36","slug":"clasic-tigrovo-oko-9","status":"publish","type":"product","link":"https:\/\/moirai.si\/hr\/izdelek\/clasic-tigrovo-oko-9\/","title":{"rendered":"Clasic Tigrovo Oko"},"content":{"rendered":"<p>Elegantna ogrlica kolekcije Clasic, ki je narejena iz Tigrovega O\u010desa, nizana na mehko, vendar mo\u010dno jekleno \u017eico.<\/p>\n<p>MATERIJAL: Tigrovo oko, srebro 925<br \/>\nDOL\u017dINA: prilagodljiva 42,5-46 cm<br \/>\nTE\u017dA:\t 17.8 g<br \/>\nVELI\u010cINA KAMENI\u0106A: 4-10 mm<br \/>\nKOP\u010cA: 9 mm<\/p>","protected":false},"excerpt":{"rendered":"<p>Elegantna ogrlica kolekcije Clasic, ki je narejena iz Tigrovega O\u010desa, nizana na mehko, vendar mo\u010dno jekleno \u017eico. MATERIAL: Tigrovo Oko, srebro 925 DOL\u017dINA: prilagodljiva 42,5-46 cm TE\u017dA: 17.8 g VELIKOST KAMNOV: 4-10 mm ZAPONKA: 9 mm<\/p>","protected":false},"featured_media":25854,"template":"","meta":[],"product_brand":[],"product_cat":[208,815,816,1136,81],"product_tag":[371,199],"class_list":{"0":"post-21734","1":"product","2":"type-product","3":"status-publish","4":"has-post-thumbnail","6":"product_cat-clasic","7":"product_cat-od-42-do-45cm","8":"product_cat-od-45-do-50cm","9":"product_cat-ogled-vseh","10":"product_cat-tigrovo-oko","11":"product_tag-srebro-925","12":"product_tag-tigrovo-oko","14":"first","15":"instock","16":"shipping-taxable","17":"purchasable","18":"product-type-simple"},"_links":{"self":[{"href":"https:\/\/moirai.si\/hr\/wp-json\/wp\/v2\/product\/21734","targetHints":{"allow":["GET"]}}],"collection":[{"href":"https:\/\/moirai.si\/hr\/wp-json\/wp\/v2\/product"}],"about":[{"href":"https:\/\/moirai.si\/hr\/wp-json\/wp\/v2\/types\/product"}],"wp:featuredmedia":[{"embeddable":true,"href":"https:\/\/moirai.si\/hr\/wp-json\/wp\/v2\/media\/25854"}],"wp:attachment":[{"href":"https:\/\/moirai.si\/hr\/wp-json\/wp\/v2\/media?parent=21734"}],"wp:term":[{"taxonomy":"product_brand","embeddable":true,"href":"https:\/\/moirai.si\/hr\/wp-json\/wp\/v2\/product_brand?post=21734"},{"taxonomy":"product_cat","embeddable":true,"href":"https:\/\/moirai.si\/hr\/wp-json\/wp\/v2\/product_cat?post=21734"},{"taxonomy":"product_tag","embeddable":true,"href":"https:\/\/moirai.si\/hr\/wp-json\/wp\/v2\/product_tag?post=21734"}],"curies":[{"name":"wp","href":"https:\/\/api.w.org\/{rel}","templated":true}]}}