{"id":21746,"date":"2022-04-22T11:06:54","date_gmt":"2022-04-22T11:06:54","guid":{"rendered":"https:\/\/moirai.si\/?post_type=product&#038;p=21746"},"modified":"2025-01-12T19:55:11","modified_gmt":"2025-01-12T19:55:11","slug":"argo-mix-25","status":"publish","type":"product","link":"https:\/\/moirai.si\/hr\/izdelek\/argo-mix-25\/","title":{"rendered":"Argo mix"},"content":{"rendered":"<p>Elegantna ogrlica kolekcije Argo, ki je narejena iz razli\u010dnih kamnov in srebra 925, nizana na mehko, vendar mo\u010dno jekleno \u017eico.<\/p>\n<p>MATERIAL: Turmalin Kvarc, \u010crni Obsidijan, srebro 925<br \/>\nDOL\u017dINA: prilagodljiva 43-46,5 cm<br \/>\nTE\u017dA: 50,2 g<br \/>\nVELI\u010cINA KAMENA: 6-10 mm<br \/>\nKOP\u010cA: 9 mm<\/p>","protected":false},"excerpt":{"rendered":"<p>Elegantna ogrlica kolekcije Argo, ki je narejena iz razli\u010dnih kamnov in srebra 925, nizana na mehko, vendar mo\u010dno jekleno \u017eico. MATERIAL: Turmalin Kvarc, \u010crni Obsidijan, srebro 925 DOL\u017dINA: prilagodljiva 43-46,5 cm TE\u017dA: 50,2 g VELIKOST KAMNOV: 6-10 mm ZAPONKA: 9 mm<\/p>","protected":false},"featured_media":25840,"template":"","meta":[],"product_brand":[],"product_cat":[191,68,848,63,815,816,1136,85],"product_tag":[868,371,1015],"class_list":{"0":"post-21746","1":"product","2":"type-product","3":"status-publish","4":"has-post-thumbnail","6":"product_cat-argo","7":"product_cat-kamena-strela","8":"product_cat-kvarc","9":"product_cat-obsidijan","10":"product_cat-od-42-do-45cm","11":"product_cat-od-45-do-50cm","12":"product_cat-ogled-vseh","13":"product_cat-turmalin","14":"product_tag-crni-obsidijan","15":"product_tag-srebro-925","16":"product_tag-turmalin-kvarc","18":"first","19":"instock","20":"shipping-taxable","21":"purchasable","22":"product-type-simple"},"_links":{"self":[{"href":"https:\/\/moirai.si\/hr\/wp-json\/wp\/v2\/product\/21746","targetHints":{"allow":["GET"]}}],"collection":[{"href":"https:\/\/moirai.si\/hr\/wp-json\/wp\/v2\/product"}],"about":[{"href":"https:\/\/moirai.si\/hr\/wp-json\/wp\/v2\/types\/product"}],"wp:featuredmedia":[{"embeddable":true,"href":"https:\/\/moirai.si\/hr\/wp-json\/wp\/v2\/media\/25840"}],"wp:attachment":[{"href":"https:\/\/moirai.si\/hr\/wp-json\/wp\/v2\/media?parent=21746"}],"wp:term":[{"taxonomy":"product_brand","embeddable":true,"href":"https:\/\/moirai.si\/hr\/wp-json\/wp\/v2\/product_brand?post=21746"},{"taxonomy":"product_cat","embeddable":true,"href":"https:\/\/moirai.si\/hr\/wp-json\/wp\/v2\/product_cat?post=21746"},{"taxonomy":"product_tag","embeddable":true,"href":"https:\/\/moirai.si\/hr\/wp-json\/wp\/v2\/product_tag?post=21746"}],"curies":[{"name":"wp","href":"https:\/\/api.w.org\/{rel}","templated":true}]}}