{"id":21872,"date":"2022-05-19T12:50:17","date_gmt":"2022-05-19T12:50:17","guid":{"rendered":"https:\/\/moirai.si\/?post_type=product&#038;p=21872"},"modified":"2025-01-13T16:14:51","modified_gmt":"2025-01-13T16:14:51","slug":"turmalin-crni-s-2","status":"publish","type":"product","link":"https:\/\/moirai.si\/hr\/izdelek\/turmalin-crni-s-2\/","title":{"rendered":"Turmalin crni S"},"content":{"rendered":"<p>Prekrasan komad sirovog crnog turmalina, pogodan kao kamen za iscjeljivanje ruku ili kao poklon za va\u0161e najmilije. Slika je simboli\u010dna. Mogu\u0107a su manja odstupanja u boji, te\u017eini i obliku.<\/p>\n<p>MATERIJAL: crni turmalin<br \/>\nDIMENZIJE: cca 4 cm<br \/>\nTE\u017dINA: 10-20 g<\/p>","protected":false},"excerpt":{"rendered":"<p>\u010cudovit kos neobdelanega \u010drnega Turmalina, primeren kot zdravilni ro\u010dni kamen ali kot darilo za va\u0161e najbli\u017enje. Slika je simboli\u010dna. Mo\u017ena so manj\u0161a odstopanja v barvi, te\u017ei in obliki. MATERIAL: \u010drni Turmalin DIMENZIJE: cca 4 cm TE\u017dA: 10-20 g<\/p>","protected":false},"featured_media":25165,"template":"","meta":[],"product_brand":[],"product_cat":[185,85],"product_tag":[766],"class_list":{"0":"post-21872","1":"product","2":"type-product","3":"status-publish","4":"has-post-thumbnail","6":"product_cat-kristali-in-minerali","7":"product_cat-turmalin","8":"product_tag-crni-turmalin","10":"first","11":"instock","12":"shipping-taxable","13":"purchasable","14":"product-type-simple"},"_links":{"self":[{"href":"https:\/\/moirai.si\/hr\/wp-json\/wp\/v2\/product\/21872","targetHints":{"allow":["GET"]}}],"collection":[{"href":"https:\/\/moirai.si\/hr\/wp-json\/wp\/v2\/product"}],"about":[{"href":"https:\/\/moirai.si\/hr\/wp-json\/wp\/v2\/types\/product"}],"wp:featuredmedia":[{"embeddable":true,"href":"https:\/\/moirai.si\/hr\/wp-json\/wp\/v2\/media\/25165"}],"wp:attachment":[{"href":"https:\/\/moirai.si\/hr\/wp-json\/wp\/v2\/media?parent=21872"}],"wp:term":[{"taxonomy":"product_brand","embeddable":true,"href":"https:\/\/moirai.si\/hr\/wp-json\/wp\/v2\/product_brand?post=21872"},{"taxonomy":"product_cat","embeddable":true,"href":"https:\/\/moirai.si\/hr\/wp-json\/wp\/v2\/product_cat?post=21872"},{"taxonomy":"product_tag","embeddable":true,"href":"https:\/\/moirai.si\/hr\/wp-json\/wp\/v2\/product_tag?post=21872"}],"curies":[{"name":"wp","href":"https:\/\/api.w.org\/{rel}","templated":true}]}}