{"id":21886,"date":"2022-05-19T12:58:54","date_gmt":"2022-05-19T12:58:54","guid":{"rendered":"https:\/\/moirai.si\/?post_type=product&#038;p=21886"},"modified":"2025-09-01T11:59:05","modified_gmt":"2025-09-01T11:59:05","slug":"turmalin-crni-xl","status":"publish","type":"product","link":"https:\/\/moirai.si\/hr\/izdelek\/turmalin-crni-xl\/","title":{"rendered":"Turmalin crni XL"},"content":{"rendered":"<p>Prekrasan komad sirovog crnog turmalina. Slika je simboli\u010dna. Mogu\u0107a su manja odstupanja u boji, te\u017eini i obliku.<\/p>\n<p>MATERIJAL: crni turmalin<br \/>\nDIMENZIJE: cca 8 cm<br \/>\nTE\u017dINA: 160-300 g<\/p>","protected":false},"excerpt":{"rendered":"<p>\u010cudovit kos neobdelanega \u010drnega Turmalina. Slika je simboli\u010dna. Mo\u017ena so manj\u0161a odstopanja v barvi, te\u017ei in obliki. MATERIAL: \u010drni Turmalin DIMENZIJE: cca 8 cm TE\u017dA: 160-300 g<\/p>","protected":false},"featured_media":21887,"template":"","meta":[],"product_brand":[],"product_cat":[185,85],"product_tag":[766],"class_list":{"0":"post-21886","1":"product","2":"type-product","3":"status-publish","4":"has-post-thumbnail","6":"product_cat-kristali-in-minerali","7":"product_cat-turmalin","8":"product_tag-crni-turmalin","10":"first","11":"outofstock","12":"shipping-taxable","13":"purchasable","14":"product-type-simple"},"_links":{"self":[{"href":"https:\/\/moirai.si\/hr\/wp-json\/wp\/v2\/product\/21886","targetHints":{"allow":["GET"]}}],"collection":[{"href":"https:\/\/moirai.si\/hr\/wp-json\/wp\/v2\/product"}],"about":[{"href":"https:\/\/moirai.si\/hr\/wp-json\/wp\/v2\/types\/product"}],"wp:featuredmedia":[{"embeddable":true,"href":"https:\/\/moirai.si\/hr\/wp-json\/wp\/v2\/media\/21887"}],"wp:attachment":[{"href":"https:\/\/moirai.si\/hr\/wp-json\/wp\/v2\/media?parent=21886"}],"wp:term":[{"taxonomy":"product_brand","embeddable":true,"href":"https:\/\/moirai.si\/hr\/wp-json\/wp\/v2\/product_brand?post=21886"},{"taxonomy":"product_cat","embeddable":true,"href":"https:\/\/moirai.si\/hr\/wp-json\/wp\/v2\/product_cat?post=21886"},{"taxonomy":"product_tag","embeddable":true,"href":"https:\/\/moirai.si\/hr\/wp-json\/wp\/v2\/product_tag?post=21886"}],"curies":[{"name":"wp","href":"https:\/\/api.w.org\/{rel}","templated":true}]}}