{"id":21987,"date":"2022-07-18T12:36:44","date_gmt":"2022-07-18T12:36:44","guid":{"rendered":"https:\/\/moirai.si\/?post_type=product&#038;p=21987"},"modified":"2025-01-08T15:58:24","modified_gmt":"2025-01-08T15:58:24","slug":"kamena-strela-l-2","status":"publish","type":"product","link":"https:\/\/moirai.si\/hr\/izdelek\/kamena-strela-l-2\/","title":{"rendered":"Gorski kristal L"},"content":{"rendered":"<p>Prekrasan komad Gorskog Kristala. Slika je simboli\u010dna. Mogu\u0107a su manja odstupanja u boji, te\u017eini i obliku.<\/p>\n<p>Vi\u0161e informacija: <a href=\"https:\/\/moirai.si\/hr\/gorski-kristal\/\" target=\"_blank\" rel=\"noopener noreferrer\">Gorski Kristal<\/a><\/p>\n<p>MATERIJAL: Kamena strijela<br \/>\nDU\u017dINA: 2,5-5 cm<br \/>\nDEBELINA:  1,5-2cm<br \/>\nTE\u017dINA: 15-20 g<\/p>","protected":false},"excerpt":{"rendered":"<p>\u010cudovit kos neobdelane Kamene Strele (Indija), primeren kot zdravilni ro\u010dni kamen ali kot darilo. Slika je simboli\u010dna. Mo\u017ena so manj\u0161a odstopanja v barvi, te\u017ei in obliki. Ve\u010d informacij: Kamena Strela MATERIAL: Kamena Strela DOL\u017dINA: 2,5-5cm DEBELINA: 1,5-2cm TE\u017dA: 15-20 g<\/p>","protected":false},"featured_media":21988,"template":"","meta":[],"product_brand":[],"product_cat":[68,185],"product_tag":[203],"class_list":{"0":"post-21987","1":"product","2":"type-product","3":"status-publish","4":"has-post-thumbnail","6":"product_cat-kamena-strela","7":"product_cat-kristali-in-minerali","8":"product_tag-kamena-strela","10":"first","11":"instock","12":"shipping-taxable","13":"purchasable","14":"product-type-simple"},"_links":{"self":[{"href":"https:\/\/moirai.si\/hr\/wp-json\/wp\/v2\/product\/21987","targetHints":{"allow":["GET"]}}],"collection":[{"href":"https:\/\/moirai.si\/hr\/wp-json\/wp\/v2\/product"}],"about":[{"href":"https:\/\/moirai.si\/hr\/wp-json\/wp\/v2\/types\/product"}],"wp:featuredmedia":[{"embeddable":true,"href":"https:\/\/moirai.si\/hr\/wp-json\/wp\/v2\/media\/21988"}],"wp:attachment":[{"href":"https:\/\/moirai.si\/hr\/wp-json\/wp\/v2\/media?parent=21987"}],"wp:term":[{"taxonomy":"product_brand","embeddable":true,"href":"https:\/\/moirai.si\/hr\/wp-json\/wp\/v2\/product_brand?post=21987"},{"taxonomy":"product_cat","embeddable":true,"href":"https:\/\/moirai.si\/hr\/wp-json\/wp\/v2\/product_cat?post=21987"},{"taxonomy":"product_tag","embeddable":true,"href":"https:\/\/moirai.si\/hr\/wp-json\/wp\/v2\/product_tag?post=21987"}],"curies":[{"name":"wp","href":"https:\/\/api.w.org\/{rel}","templated":true}]}}