{"id":22093,"date":"2022-08-18T09:46:13","date_gmt":"2022-08-18T09:46:13","guid":{"rendered":"https:\/\/moirai.si\/?post_type=product&#038;p=22093"},"modified":"2026-03-26T20:15:34","modified_gmt":"2026-03-26T20:15:34","slug":"mosnjicek-l-siv-zamet","status":"publish","type":"product","link":"https:\/\/moirai.si\/hr\/izdelek\/mosnjicek-l-siv-zamet\/","title":{"rendered":"Vre\u0107ica L \u2013 sivi bar\u0161un"},"content":{"rendered":"<p>Vre\u0107ica sivi bar\u0161un.<\/p>\n<p>MATERIAL: siv bar\u0161un<br \/>\nDIMENZIJE: 9&#215;12 cm<br \/>\nTE\u017dA: cca 5g<\/p>","protected":false},"excerpt":{"rendered":"<p>Siv \u017eameten mo\u0161nji\u010dek. MATERIAL: siv \u017eamet DIMENZIJE: 9&#215;12 cm TE\u017dA: cca 5g<\/p>","protected":false},"featured_media":25691,"template":"","meta":[],"product_brand":[],"product_cat":[755],"product_tag":[1059],"class_list":{"0":"post-22093","1":"product","2":"type-product","3":"status-publish","4":"has-post-thumbnail","6":"product_cat-mix","7":"product_tag-siv-zameten-mosnjicek","9":"first","10":"instock","11":"shipping-taxable","12":"purchasable","13":"product-type-simple"},"_links":{"self":[{"href":"https:\/\/moirai.si\/hr\/wp-json\/wp\/v2\/product\/22093","targetHints":{"allow":["GET"]}}],"collection":[{"href":"https:\/\/moirai.si\/hr\/wp-json\/wp\/v2\/product"}],"about":[{"href":"https:\/\/moirai.si\/hr\/wp-json\/wp\/v2\/types\/product"}],"wp:featuredmedia":[{"embeddable":true,"href":"https:\/\/moirai.si\/hr\/wp-json\/wp\/v2\/media\/25691"}],"wp:attachment":[{"href":"https:\/\/moirai.si\/hr\/wp-json\/wp\/v2\/media?parent=22093"}],"wp:term":[{"taxonomy":"product_brand","embeddable":true,"href":"https:\/\/moirai.si\/hr\/wp-json\/wp\/v2\/product_brand?post=22093"},{"taxonomy":"product_cat","embeddable":true,"href":"https:\/\/moirai.si\/hr\/wp-json\/wp\/v2\/product_cat?post=22093"},{"taxonomy":"product_tag","embeddable":true,"href":"https:\/\/moirai.si\/hr\/wp-json\/wp\/v2\/product_tag?post=22093"}],"curies":[{"name":"wp","href":"https:\/\/api.w.org\/{rel}","templated":true}]}}