{"id":22149,"date":"2022-09-05T11:32:35","date_gmt":"2022-09-05T11:32:35","guid":{"rendered":"https:\/\/moirai.si\/?post_type=product&#038;p=22149"},"modified":"2026-02-02T09:47:50","modified_gmt":"2026-02-02T09:47:50","slug":"bakreno-njihalo-8","status":"publish","type":"product","link":"https:\/\/moirai.si\/hr\/izdelek\/nihalo-baker-8\/","title":{"rendered":"Visak Baker"},"content":{"rendered":"<p>Visak baker.<\/p>\n<p>MATERIJAL: Bakar<br \/>\nTE\u017dINA: cca 16 g<br \/>\nVELI\u010cINA: 1,1 \u00d7 3 cm<\/p>","protected":false},"excerpt":{"rendered":"<p>Bakreno nihalo. Slika je simboli\u010dna. Mo\u017ena so manj\u0161a odstopanja v barvi, te\u017ei in obliki. MATERIAL: Baker TE\u017dA: cca 16 g VELIKOST: 1.1&#215;3 cm<\/p>","protected":false},"featured_media":25791,"template":"","meta":[],"product_brand":[],"product_cat":[754],"product_tag":[992],"class_list":{"0":"post-22149","1":"product","2":"type-product","3":"status-publish","4":"has-post-thumbnail","6":"product_cat-nihala","7":"product_tag-nihalo-baker","9":"first","10":"instock","11":"shipping-taxable","12":"purchasable","13":"product-type-simple"},"_links":{"self":[{"href":"https:\/\/moirai.si\/hr\/wp-json\/wp\/v2\/product\/22149","targetHints":{"allow":["GET"]}}],"collection":[{"href":"https:\/\/moirai.si\/hr\/wp-json\/wp\/v2\/product"}],"about":[{"href":"https:\/\/moirai.si\/hr\/wp-json\/wp\/v2\/types\/product"}],"wp:featuredmedia":[{"embeddable":true,"href":"https:\/\/moirai.si\/hr\/wp-json\/wp\/v2\/media\/25791"}],"wp:attachment":[{"href":"https:\/\/moirai.si\/hr\/wp-json\/wp\/v2\/media?parent=22149"}],"wp:term":[{"taxonomy":"product_brand","embeddable":true,"href":"https:\/\/moirai.si\/hr\/wp-json\/wp\/v2\/product_brand?post=22149"},{"taxonomy":"product_cat","embeddable":true,"href":"https:\/\/moirai.si\/hr\/wp-json\/wp\/v2\/product_cat?post=22149"},{"taxonomy":"product_tag","embeddable":true,"href":"https:\/\/moirai.si\/hr\/wp-json\/wp\/v2\/product_tag?post=22149"}],"curies":[{"name":"wp","href":"https:\/\/api.w.org\/{rel}","templated":true}]}}