{"id":22151,"date":"2022-09-05T11:35:49","date_gmt":"2022-09-05T11:35:49","guid":{"rendered":"https:\/\/moirai.si\/?post_type=product&#038;p=22151"},"modified":"2026-02-02T09:47:42","modified_gmt":"2026-02-02T09:47:42","slug":"nihalo-baker-9","status":"publish","type":"product","link":"https:\/\/moirai.si\/hr\/izdelek\/nihalo-baker-9\/","title":{"rendered":"Visak Baker"},"content":{"rendered":"<p>Visak baker.<\/p>\n<p>MATERIJAL: Bakar<br \/>\nTE\u017dA: cca 13 g<br \/>\nVELIKOST: 0.7&#215;4.1 cm<\/p>","protected":false},"excerpt":{"rendered":"<p>Bakreno nihalo. Slika je simboli\u010dna. Mo\u017ena so manj\u0161a odstopanja v barvi, te\u017ei in obliki. MATERIAL: Baker TE\u017dA: cca 13 g VELIKOST: 0.7&#215;4.1 cm<\/p>","protected":false},"featured_media":22152,"template":"","meta":[],"product_brand":[],"product_cat":[754],"product_tag":[992],"class_list":{"0":"post-22151","1":"product","2":"type-product","3":"status-publish","4":"has-post-thumbnail","6":"product_cat-nihala","7":"product_tag-nihalo-baker","9":"first","10":"instock","11":"shipping-taxable","12":"purchasable","13":"product-type-simple"},"_links":{"self":[{"href":"https:\/\/moirai.si\/hr\/wp-json\/wp\/v2\/product\/22151","targetHints":{"allow":["GET"]}}],"collection":[{"href":"https:\/\/moirai.si\/hr\/wp-json\/wp\/v2\/product"}],"about":[{"href":"https:\/\/moirai.si\/hr\/wp-json\/wp\/v2\/types\/product"}],"wp:featuredmedia":[{"embeddable":true,"href":"https:\/\/moirai.si\/hr\/wp-json\/wp\/v2\/media\/22152"}],"wp:attachment":[{"href":"https:\/\/moirai.si\/hr\/wp-json\/wp\/v2\/media?parent=22151"}],"wp:term":[{"taxonomy":"product_brand","embeddable":true,"href":"https:\/\/moirai.si\/hr\/wp-json\/wp\/v2\/product_brand?post=22151"},{"taxonomy":"product_cat","embeddable":true,"href":"https:\/\/moirai.si\/hr\/wp-json\/wp\/v2\/product_cat?post=22151"},{"taxonomy":"product_tag","embeddable":true,"href":"https:\/\/moirai.si\/hr\/wp-json\/wp\/v2\/product_tag?post=22151"}],"curies":[{"name":"wp","href":"https:\/\/api.w.org\/{rel}","templated":true}]}}