{"id":22350,"date":"2022-10-28T09:41:23","date_gmt":"2022-10-28T09:41:23","guid":{"rendered":"https:\/\/moirai.si\/?post_type=product&#038;p=22350"},"modified":"2026-01-13T20:33:21","modified_gmt":"2026-01-13T20:33:21","slug":"dendritni-opal-ahat-l","status":"publish","type":"product","link":"https:\/\/moirai.si\/hr\/izdelek\/dendrit-opal-ahat-l\/","title":{"rendered":"Dendrit Opal Ahat L"},"content":{"rendered":"<p>Prekrasan komad poliranog Dendrit Opal Ahata, pogodan kao kamen za iscjeljivanje ili kao dar za va\u0161e najmilije. Slika je simboli\u010dna. Mogu\u0107a su manja odstupanja u boji, te\u017eini i obliku. <\/p>\n<p>Vi\u0161e informacija: <a href=\"https:\/\/moirai.si\/hr\/ahat\/\" target=\"_blank\" rel=\"noopener noreferrer\">Ahat<\/a><\/p>\n<p>MATERIJAL: Dendritni opal ahat<br \/>\nVELI\u010cINA: cca 1,5-2,5 cm<br \/>\nTE\u017dINA: 15-20 g<\/p>","protected":false},"excerpt":{"rendered":"<p>\u010cudovit kos spoliranega Dendrit Opal Ahata, primeren kot zdravilni ro\u010dni kamen ali kot darilo za va\u0161e najbli\u017enje. Slika je simboli\u010dna. Mo\u017ena so manj\u0161a odstopanja v barvi, te\u017ei in obliki. Ve\u010d informacij: Ahat MATERIAL: Dendrit Opal Ahat DIMENZIJE: cca 1,5-2,5 cm TE\u017dA: 15-20 g<\/p>","protected":false},"featured_media":22351,"template":"","meta":[],"product_brand":[],"product_cat":[30,64,753],"product_tag":[912],"class_list":{"0":"post-22350","1":"product","2":"type-product","3":"status-publish","4":"has-post-thumbnail","6":"product_cat-ahat","7":"product_cat-opal","8":"product_cat-rocni-kamni","9":"product_tag-dendrit-opal-ahat","11":"first","12":"instock","13":"shipping-taxable","14":"purchasable","15":"product-type-simple"},"_links":{"self":[{"href":"https:\/\/moirai.si\/hr\/wp-json\/wp\/v2\/product\/22350","targetHints":{"allow":["GET"]}}],"collection":[{"href":"https:\/\/moirai.si\/hr\/wp-json\/wp\/v2\/product"}],"about":[{"href":"https:\/\/moirai.si\/hr\/wp-json\/wp\/v2\/types\/product"}],"wp:featuredmedia":[{"embeddable":true,"href":"https:\/\/moirai.si\/hr\/wp-json\/wp\/v2\/media\/22351"}],"wp:attachment":[{"href":"https:\/\/moirai.si\/hr\/wp-json\/wp\/v2\/media?parent=22350"}],"wp:term":[{"taxonomy":"product_brand","embeddable":true,"href":"https:\/\/moirai.si\/hr\/wp-json\/wp\/v2\/product_brand?post=22350"},{"taxonomy":"product_cat","embeddable":true,"href":"https:\/\/moirai.si\/hr\/wp-json\/wp\/v2\/product_cat?post=22350"},{"taxonomy":"product_tag","embeddable":true,"href":"https:\/\/moirai.si\/hr\/wp-json\/wp\/v2\/product_tag?post=22350"}],"curies":[{"name":"wp","href":"https:\/\/api.w.org\/{rel}","templated":true}]}}