{"id":22380,"date":"2022-10-28T12:59:34","date_gmt":"2022-10-28T12:59:34","guid":{"rendered":"https:\/\/moirai.si\/?post_type=product&#038;p=22380"},"modified":"2026-03-26T12:51:21","modified_gmt":"2026-03-26T12:51:21","slug":"jasper-provincial-l","status":"publish","type":"product","link":"https:\/\/moirai.si\/hr\/izdelek\/jaspis-pokrajinski-l\/","title":{"rendered":"Jaspis Zemljani L"},"content":{"rendered":"<p>Prekrasan komad poliranog zemljanog Jaspisa, prikladan kao kamen za iscjeljivanje ili kao poklon za va\u0161e najmilije. Slika je simboli\u010dna. Mogu\u0107a su manja odstupanja u boji, te\u017eini i obliku.<\/p>\n<p>Vi\u0161e informacija: <a href=\"https:\/\/moirai.si\/hr\/jaspis\/\" target=\"_blank\" rel=\"noopener noreferrer\">Jaspis <\/a><\/p>\n<p>MATERIAL: Zemljani Jaspis (Namibija)<br \/>\nVELI\u010cINA: cca 1,5-2,5 cm<br \/>\nTE\u017dINA: 15-20 g<\/p>","protected":false},"excerpt":{"rendered":"<p>\u010cudovit kos spoliranega Pokrajinskega Jaspisa, primeren kot zdravilni ro\u010dni kamen ali kot darilo za va\u0161e najbli\u017enje. Slika je simboli\u010dna. Mo\u017ena so manj\u0161a odstopanja v barvi, te\u017ei in obliki. Ve\u010d informacij: Jaspis MATERIAL: Pokrajinski Jaspis (Namibija) DIMENZIJE: cca 1,5-2,5 cm TE\u017dA: 15-20 g<\/p>","protected":false},"featured_media":22381,"template":"","meta":[],"product_brand":[],"product_cat":[47,753],"product_tag":[516],"class_list":{"0":"post-22380","1":"product","2":"type-product","3":"status-publish","4":"has-post-thumbnail","6":"product_cat-jaspis","7":"product_cat-rocni-kamni","8":"product_tag-pokrajinski-jaspis","10":"first","11":"outofstock","12":"shipping-taxable","13":"purchasable","14":"product-type-simple"},"_links":{"self":[{"href":"https:\/\/moirai.si\/hr\/wp-json\/wp\/v2\/product\/22380","targetHints":{"allow":["GET"]}}],"collection":[{"href":"https:\/\/moirai.si\/hr\/wp-json\/wp\/v2\/product"}],"about":[{"href":"https:\/\/moirai.si\/hr\/wp-json\/wp\/v2\/types\/product"}],"wp:featuredmedia":[{"embeddable":true,"href":"https:\/\/moirai.si\/hr\/wp-json\/wp\/v2\/media\/22381"}],"wp:attachment":[{"href":"https:\/\/moirai.si\/hr\/wp-json\/wp\/v2\/media?parent=22380"}],"wp:term":[{"taxonomy":"product_brand","embeddable":true,"href":"https:\/\/moirai.si\/hr\/wp-json\/wp\/v2\/product_brand?post=22380"},{"taxonomy":"product_cat","embeddable":true,"href":"https:\/\/moirai.si\/hr\/wp-json\/wp\/v2\/product_cat?post=22380"},{"taxonomy":"product_tag","embeddable":true,"href":"https:\/\/moirai.si\/hr\/wp-json\/wp\/v2\/product_tag?post=22380"}],"curies":[{"name":"wp","href":"https:\/\/api.w.org\/{rel}","templated":true}]}}