{"id":22419,"date":"2022-10-28T14:55:51","date_gmt":"2022-10-28T14:55:51","guid":{"rendered":"https:\/\/moirai.si\/?post_type=product&#038;p=22419"},"modified":"2026-03-26T12:44:25","modified_gmt":"2026-03-26T12:44:25","slug":"macje-oko-s","status":"publish","type":"product","link":"https:\/\/moirai.si\/hr\/izdelek\/macje-oko-s\/","title":{"rendered":"Ma\u010dje oko S"},"content":{"rendered":"<p>Prekrasan komad ugla\u0111enog ma\u010djeg oka (Ju\u017ena Afrika), prikladan kao kamen za iscjeljivanje ili kao dar. Slika je simboli\u010dna. Mogu\u0107a su manja odstupanja u boji, te\u017eini i obliku.<\/p>\n<p>Vi\u0161e informacija: <a href=\"https:\/\/moirai.si\/hr\/macje-oko\/\" target=\"_blank\" rel=\"noopener noreferrer\">crveno Tigrovo oko<\/a><\/p>\n<p>MATERIJAL: crveno Tigrovo oko (Ma\u010dje oko)<br \/>\nDIMENZIJE: cca 1-1,5 cm<br \/>\nTE\u017dINA: 5-10 g<\/p>","protected":false},"excerpt":{"rendered":"<p>\u010cudovit kos spoliranega Ma\u010djega O\u010desa (Ju\u017ena Afrika), primeren kot zdravilni ro\u010dni kamen ali kot darilo. Slika je simboli\u010dna. Mo\u017ena so manj\u0161a odstopanja v barvi, te\u017ei in obliki. Ve\u010d informacij: Ma\u010dje Oko MATERIAL: Ma\u010dje Oko DIMENZIJE: cca 1-1,5 cm TE\u017dA: 5-10 g<\/p>","protected":false},"featured_media":22420,"template":"","meta":[],"product_brand":[],"product_cat":[86,753],"product_tag":[220],"class_list":{"0":"post-22419","1":"product","2":"type-product","3":"status-publish","4":"has-post-thumbnail","6":"product_cat-macje-oko","7":"product_cat-rocni-kamni","8":"product_tag-macje-oko","10":"first","11":"instock","12":"shipping-taxable","13":"purchasable","14":"product-type-simple"},"_links":{"self":[{"href":"https:\/\/moirai.si\/hr\/wp-json\/wp\/v2\/product\/22419","targetHints":{"allow":["GET"]}}],"collection":[{"href":"https:\/\/moirai.si\/hr\/wp-json\/wp\/v2\/product"}],"about":[{"href":"https:\/\/moirai.si\/hr\/wp-json\/wp\/v2\/types\/product"}],"wp:featuredmedia":[{"embeddable":true,"href":"https:\/\/moirai.si\/hr\/wp-json\/wp\/v2\/media\/22420"}],"wp:attachment":[{"href":"https:\/\/moirai.si\/hr\/wp-json\/wp\/v2\/media?parent=22419"}],"wp:term":[{"taxonomy":"product_brand","embeddable":true,"href":"https:\/\/moirai.si\/hr\/wp-json\/wp\/v2\/product_brand?post=22419"},{"taxonomy":"product_cat","embeddable":true,"href":"https:\/\/moirai.si\/hr\/wp-json\/wp\/v2\/product_cat?post=22419"},{"taxonomy":"product_tag","embeddable":true,"href":"https:\/\/moirai.si\/hr\/wp-json\/wp\/v2\/product_tag?post=22419"}],"curies":[{"name":"wp","href":"https:\/\/api.w.org\/{rel}","templated":true}]}}