{"id":22428,"date":"2022-10-28T15:21:48","date_gmt":"2022-10-28T15:21:48","guid":{"rendered":"https:\/\/moirai.si\/?post_type=product&#038;p=22428"},"modified":"2026-03-26T12:44:36","modified_gmt":"2026-03-26T12:44:36","slug":"mjesecev-kamen-s","status":"publish","type":"product","link":"https:\/\/moirai.si\/hr\/izdelek\/mesecev-kamen-s\/","title":{"rendered":"Mjese\u010dev kamen S"},"content":{"rendered":"<p>Prekrasan komad poliranog mjese\u010devog kamena, pogodan kao iscjeliteljski kamen ili kao poklon. Slika je simboli\u010dna. Mogu\u0107e su manje varijacije u boji, te\u017eini i obliku.<\/p>\n<p>Vi\u0161e informacija: <a href=\"https:\/\/moirai.si\/hr\/mjeseca-kamena\/\" target=\"_blank\" rel=\"noopener noreferrer\">Mjese\u010dev kamen<\/a><\/p>\n<p>MATERIJAL: Mjese\u010dev kamen (Madagaskar)<br \/>\nDIMENZIJE: cca 1-1,5 cm<br \/>\nTE\u017dINA: 5-10 g<\/p>","protected":false},"excerpt":{"rendered":"<p>\u010cudovit kos spoliranega Mese\u010devega Kamna, primeren kot zdravilni ro\u010dni kamen ali kot darilo. Slika je simboli\u010dna. Mo\u017ena so manj\u0161a odstopanja v barvi, te\u017ei in obliki. Ve\u010d informacij: Mese\u010dev Kamen MATERIAL: Mese\u010dev Kamen (Madagaskar) DIMENZIJE: cca 1-1,5 cm TE\u017dA: 5-10 g<\/p>","protected":false},"featured_media":22429,"template":"","meta":[],"product_brand":[],"product_cat":[59,753],"product_tag":[1071],"class_list":{"0":"post-22428","1":"product","2":"type-product","3":"status-publish","4":"has-post-thumbnail","6":"product_cat-mesecev-kamen","7":"product_cat-rocni-kamni","8":"product_tag-mesecev-kamen-madagaskar","10":"first","11":"instock","12":"shipping-taxable","13":"purchasable","14":"product-type-simple"},"_links":{"self":[{"href":"https:\/\/moirai.si\/hr\/wp-json\/wp\/v2\/product\/22428","targetHints":{"allow":["GET"]}}],"collection":[{"href":"https:\/\/moirai.si\/hr\/wp-json\/wp\/v2\/product"}],"about":[{"href":"https:\/\/moirai.si\/hr\/wp-json\/wp\/v2\/types\/product"}],"wp:featuredmedia":[{"embeddable":true,"href":"https:\/\/moirai.si\/hr\/wp-json\/wp\/v2\/media\/22429"}],"wp:attachment":[{"href":"https:\/\/moirai.si\/hr\/wp-json\/wp\/v2\/media?parent=22428"}],"wp:term":[{"taxonomy":"product_brand","embeddable":true,"href":"https:\/\/moirai.si\/hr\/wp-json\/wp\/v2\/product_brand?post=22428"},{"taxonomy":"product_cat","embeddable":true,"href":"https:\/\/moirai.si\/hr\/wp-json\/wp\/v2\/product_cat?post=22428"},{"taxonomy":"product_tag","embeddable":true,"href":"https:\/\/moirai.si\/hr\/wp-json\/wp\/v2\/product_tag?post=22428"}],"curies":[{"name":"wp","href":"https:\/\/api.w.org\/{rel}","templated":true}]}}