{"id":22489,"date":"2022-10-28T19:07:57","date_gmt":"2022-10-28T19:07:57","guid":{"rendered":"https:\/\/moirai.si\/?post_type=product&#038;p=22489"},"modified":"2026-03-26T12:50:49","modified_gmt":"2026-03-26T12:50:49","slug":"obsidijan-snezni-m","status":"publish","type":"product","link":"https:\/\/moirai.si\/hr\/izdelek\/obsidijan-snezni-m\/","title":{"rendered":"Opsidijan Sne\u017eni M"},"content":{"rendered":"<p>Prekrasan komad poliranog snje\u017enog opsidijana, prikladan kao ru\u010dni kamen za iscjeljivanje ili kao dar. Slika je simboli\u010dna. Mogu\u0107a su manja odstupanja u boji, te\u017eini i obliku.<\/p>\n<p>Vi\u0161e informacija: <a href=\"https:\/\/moirai.si\/hr\/opsidijan-2\/\" target=\"_blank\" rel=\"noopener noreferrer\">Opsidijan<\/a><\/p>\n<p>MATERIJAL: Snje\u017eni opsidijan (Meksiko)<br \/>\nVELI\u010cINA: cca 1,5-2,5 cm<br \/>\nTE\u017dINA: 10-15 g<\/p>","protected":false},"excerpt":{"rendered":"<p>\u010cudovit kos spoliranega Sne\u017enega Obsidijana, primeren kot zdravilni ro\u010dni kamen ali kot darilo. Slika je simboli\u010dna. Mo\u017ena so manj\u0161a odstopanja v barvi, te\u017ei in obliki. Ve\u010d informacij: Obsidijan MATERIAL: Sne\u017eni Obsidijan (Mehika) DIMENZIJE: cca 1,5-2,5 cm TE\u017dA: 10-15 g<\/p>","protected":false},"featured_media":22490,"template":"","meta":[],"product_brand":[],"product_cat":[63,753],"product_tag":[941],"class_list":{"0":"post-22489","1":"product","2":"type-product","3":"status-publish","4":"has-post-thumbnail","6":"product_cat-obsidijan","7":"product_cat-rocni-kamni","8":"product_tag-snezni-obsidijan-mehika","10":"first","11":"instock","12":"shipping-taxable","13":"purchasable","14":"product-type-simple"},"_links":{"self":[{"href":"https:\/\/moirai.si\/hr\/wp-json\/wp\/v2\/product\/22489","targetHints":{"allow":["GET"]}}],"collection":[{"href":"https:\/\/moirai.si\/hr\/wp-json\/wp\/v2\/product"}],"about":[{"href":"https:\/\/moirai.si\/hr\/wp-json\/wp\/v2\/types\/product"}],"wp:featuredmedia":[{"embeddable":true,"href":"https:\/\/moirai.si\/hr\/wp-json\/wp\/v2\/media\/22490"}],"wp:attachment":[{"href":"https:\/\/moirai.si\/hr\/wp-json\/wp\/v2\/media?parent=22489"}],"wp:term":[{"taxonomy":"product_brand","embeddable":true,"href":"https:\/\/moirai.si\/hr\/wp-json\/wp\/v2\/product_brand?post=22489"},{"taxonomy":"product_cat","embeddable":true,"href":"https:\/\/moirai.si\/hr\/wp-json\/wp\/v2\/product_cat?post=22489"},{"taxonomy":"product_tag","embeddable":true,"href":"https:\/\/moirai.si\/hr\/wp-json\/wp\/v2\/product_tag?post=22489"}],"curies":[{"name":"wp","href":"https:\/\/api.w.org\/{rel}","templated":true}]}}