{"id":22497,"date":"2022-10-28T19:45:53","date_gmt":"2022-10-28T19:45:53","guid":{"rendered":"https:\/\/moirai.si\/?post_type=product&#038;p=22497"},"modified":"2026-03-26T12:45:13","modified_gmt":"2026-03-26T12:45:13","slug":"suncev-kamen-s","status":"publish","type":"product","link":"https:\/\/moirai.si\/hr\/izdelek\/soncev-kamen-s\/","title":{"rendered":"Sun\u010dev Kamen S"},"content":{"rendered":"<p>Prekrasan komad poliranog Sun\u010devog kamena (Indija), pogodan kao kamen za iscjeljivanje ruku ili kao poklon. Slika je simboli\u010dna. Mogu\u0107a su manja odstupanja u boji, te\u017eini i obliku.<\/p>\n<p>Vi\u0161e informacija: <a href=\"https:\/\/moirai.si\/hr\/suncani-kamen\/\" target=\"_blank\" rel=\"noopener noreferrer\">Sun\u010dev kamen<\/a><\/p>\n<p>MATERIAL: Sun\u010dev Kamen<br \/>\nDIMENZIJE: cca. 2 cm<br \/>\nTE\u017dINA: 5-15 g<\/p>","protected":false},"excerpt":{"rendered":"<p>\u010cudovit kos spoliranega Son\u010devega kamna (Indija), primeren kot zdravilni ro\u010dni kamen ali kot darilo. Slika je simboli\u010dna. Mo\u017ena so manj\u0161a odstopanja v barvi, te\u017ei in obliki. Ve\u010d informacij: Son\u010dev kamen MATERIAL: Son\u010dev Kamen DIMENZIJE: cca 2cm TE\u017dA: 5-15 g<\/p>","protected":false},"featured_media":22498,"template":"","meta":[],"product_brand":[],"product_cat":[753,744],"product_tag":[765],"class_list":{"0":"post-22497","1":"product","2":"type-product","3":"status-publish","4":"has-post-thumbnail","6":"product_cat-rocni-kamni","7":"product_cat-soncev-kamen","8":"product_tag-soncev-kamen","10":"first","11":"instock","12":"shipping-taxable","13":"purchasable","14":"product-type-simple"},"_links":{"self":[{"href":"https:\/\/moirai.si\/hr\/wp-json\/wp\/v2\/product\/22497","targetHints":{"allow":["GET"]}}],"collection":[{"href":"https:\/\/moirai.si\/hr\/wp-json\/wp\/v2\/product"}],"about":[{"href":"https:\/\/moirai.si\/hr\/wp-json\/wp\/v2\/types\/product"}],"wp:featuredmedia":[{"embeddable":true,"href":"https:\/\/moirai.si\/hr\/wp-json\/wp\/v2\/media\/22498"}],"wp:attachment":[{"href":"https:\/\/moirai.si\/hr\/wp-json\/wp\/v2\/media?parent=22497"}],"wp:term":[{"taxonomy":"product_brand","embeddable":true,"href":"https:\/\/moirai.si\/hr\/wp-json\/wp\/v2\/product_brand?post=22497"},{"taxonomy":"product_cat","embeddable":true,"href":"https:\/\/moirai.si\/hr\/wp-json\/wp\/v2\/product_cat?post=22497"},{"taxonomy":"product_tag","embeddable":true,"href":"https:\/\/moirai.si\/hr\/wp-json\/wp\/v2\/product_tag?post=22497"}],"curies":[{"name":"wp","href":"https:\/\/api.w.org\/{rel}","templated":true}]}}