{"id":22515,"date":"2022-10-29T14:17:00","date_gmt":"2022-10-29T14:17:00","guid":{"rendered":"https:\/\/moirai.si\/?post_type=product&#038;p=22515"},"modified":"2025-11-11T13:44:56","modified_gmt":"2025-11-11T13:44:56","slug":"turmalinski-kvarc-s","status":"publish","type":"product","link":"https:\/\/moirai.si\/hr\/izdelek\/turmalin-kvarc-s\/","title":{"rendered":"Turmalinski kvarc S"},"content":{"rendered":"<p>Prekrasan komad poliranog turmalin kvarca, prikladan kao kamen za iscjeljivanje ruku ili kao dar za va\u0161e najmilije. Slika je simboli\u010dna. Mogu\u0107a su manja odstupanja u boji, te\u017eini i obliku.<\/p>\n<p>Vi\u0161e informacija: <a href=\"https:\/\/moirai.si\/hr\/turmalin\/\" target=\"_blank\" rel=\"noopener noreferrer\">Turmalin<\/a><\/p>\n<p>MATERIJAL: turmalin kvarc<br \/>\nDIMENZIJE: cca. 1-2 cm<br \/>\nTE\u017dINA: 5-15 g<\/p>","protected":false},"excerpt":{"rendered":"<p>\u010cudovit kos spoliranega Turmalin Kvarca, primeren kot zdravilni ro\u010dni kamen ali kot darilo za va\u0161e najbli\u017enje. Slika je simboli\u010dna. Mo\u017ena so manj\u0161a odstopanja v barvi, te\u017ei in obliki. Ve\u010d informacij: Turmalin MATERIAL: Turmalin Kvarc DIMENZIJE: cca 1-2 cm TE\u017dA: 5-15 g<\/p>","protected":false},"featured_media":22516,"template":"","meta":[],"product_brand":[],"product_cat":[68,848,753,85],"product_tag":[1015],"class_list":{"0":"post-22515","1":"product","2":"type-product","3":"status-publish","4":"has-post-thumbnail","6":"product_cat-kamena-strela","7":"product_cat-kvarc","8":"product_cat-rocni-kamni","9":"product_cat-turmalin","10":"product_tag-turmalin-kvarc","12":"first","13":"outofstock","14":"shipping-taxable","15":"purchasable","16":"product-type-simple"},"_links":{"self":[{"href":"https:\/\/moirai.si\/hr\/wp-json\/wp\/v2\/product\/22515","targetHints":{"allow":["GET"]}}],"collection":[{"href":"https:\/\/moirai.si\/hr\/wp-json\/wp\/v2\/product"}],"about":[{"href":"https:\/\/moirai.si\/hr\/wp-json\/wp\/v2\/types\/product"}],"wp:featuredmedia":[{"embeddable":true,"href":"https:\/\/moirai.si\/hr\/wp-json\/wp\/v2\/media\/22516"}],"wp:attachment":[{"href":"https:\/\/moirai.si\/hr\/wp-json\/wp\/v2\/media?parent=22515"}],"wp:term":[{"taxonomy":"product_brand","embeddable":true,"href":"https:\/\/moirai.si\/hr\/wp-json\/wp\/v2\/product_brand?post=22515"},{"taxonomy":"product_cat","embeddable":true,"href":"https:\/\/moirai.si\/hr\/wp-json\/wp\/v2\/product_cat?post=22515"},{"taxonomy":"product_tag","embeddable":true,"href":"https:\/\/moirai.si\/hr\/wp-json\/wp\/v2\/product_tag?post=22515"}],"curies":[{"name":"wp","href":"https:\/\/api.w.org\/{rel}","templated":true}]}}