{"id":22532,"date":"2022-10-29T18:07:50","date_gmt":"2022-10-29T18:07:50","guid":{"rendered":"https:\/\/moirai.si\/?post_type=product&#038;p=22532"},"modified":"2025-11-11T13:37:27","modified_gmt":"2025-11-11T13:37:27","slug":"pirit-m","status":"publish","type":"product","link":"https:\/\/moirai.si\/hr\/izdelek\/pirit-m\/","title":{"rendered":"Pirit M"},"content":{"rendered":"<p>Prekrasan komad poliranog pirita (Peru). Slika je simboli\u010dna. Mogu\u0107a su manja odstupanja u boji, te\u017eini i obliku.<\/p>\n<p>MATERIJAL: pirit<br \/>\nDIMENZIJE: cca 2,5 cm<br \/>\nTE\u017dINA: 20-30 g<\/p>","protected":false},"excerpt":{"rendered":"<p>\u010cudovit kos spoliranega Pirita (Peru). Slika je simboli\u010dna. Mo\u017ena so manj\u0161a odstopanja v barvi, te\u017ei in obliki. MATERIAL: Pirit DIMENZIJE: cca 2,5 cm TE\u017dA: 20-30 g<\/p>","protected":false},"featured_media":22533,"template":"","meta":[],"product_brand":[],"product_cat":[185],"product_tag":[1077],"class_list":{"0":"post-22532","1":"product","2":"type-product","3":"status-publish","4":"has-post-thumbnail","6":"product_cat-kristali-in-minerali","7":"product_tag-pirit","9":"first","10":"instock","11":"shipping-taxable","12":"purchasable","13":"product-type-simple"},"_links":{"self":[{"href":"https:\/\/moirai.si\/hr\/wp-json\/wp\/v2\/product\/22532","targetHints":{"allow":["GET"]}}],"collection":[{"href":"https:\/\/moirai.si\/hr\/wp-json\/wp\/v2\/product"}],"about":[{"href":"https:\/\/moirai.si\/hr\/wp-json\/wp\/v2\/types\/product"}],"wp:featuredmedia":[{"embeddable":true,"href":"https:\/\/moirai.si\/hr\/wp-json\/wp\/v2\/media\/22533"}],"wp:attachment":[{"href":"https:\/\/moirai.si\/hr\/wp-json\/wp\/v2\/media?parent=22532"}],"wp:term":[{"taxonomy":"product_brand","embeddable":true,"href":"https:\/\/moirai.si\/hr\/wp-json\/wp\/v2\/product_brand?post=22532"},{"taxonomy":"product_cat","embeddable":true,"href":"https:\/\/moirai.si\/hr\/wp-json\/wp\/v2\/product_cat?post=22532"},{"taxonomy":"product_tag","embeddable":true,"href":"https:\/\/moirai.si\/hr\/wp-json\/wp\/v2\/product_tag?post=22532"}],"curies":[{"name":"wp","href":"https:\/\/api.w.org\/{rel}","templated":true}]}}