{"id":22565,"date":"2022-11-08T12:11:13","date_gmt":"2022-11-08T12:11:13","guid":{"rendered":"https:\/\/moirai.si\/?post_type=product&#038;p=22565"},"modified":"2025-02-28T09:20:26","modified_gmt":"2025-02-28T09:20:26","slug":"turmalin-crni-m","status":"publish","type":"product","link":"https:\/\/moirai.si\/hr\/izdelek\/turmalin-crni-m\/","title":{"rendered":"Turmalin crni M"},"content":{"rendered":"<p>Prekrasan komad sirovog crnog turmalina. Slika je simboli\u010dna. Mogu\u0107a su manja odstupanja u boji, te\u017eini i obliku.<\/p>\n<p>MATERIJAL: crni turmalin<br \/>\nDIMENZIJE: cca 6 cm<br \/>\nTE\u017dINA: 50-80 g<\/p>","protected":false},"excerpt":{"rendered":"<p>\u010cudovit kos neobdelanega \u010drnega Turmalina. Slika je simboli\u010dna. Mo\u017ena so manj\u0161a odstopanja v barvi, te\u017ei in obliki. MATERIAL: \u010drni Turmalin DIMENZIJE: cca 6 cm TE\u017dA: 50-80 g<\/p>","protected":false},"featured_media":25166,"template":"","meta":[],"product_brand":[],"product_cat":[185,85],"product_tag":[766],"class_list":{"0":"post-22565","1":"product","2":"type-product","3":"status-publish","4":"has-post-thumbnail","6":"product_cat-kristali-in-minerali","7":"product_cat-turmalin","8":"product_tag-crni-turmalin","10":"first","11":"instock","12":"shipping-taxable","13":"purchasable","14":"product-type-simple"},"_links":{"self":[{"href":"https:\/\/moirai.si\/hr\/wp-json\/wp\/v2\/product\/22565","targetHints":{"allow":["GET"]}}],"collection":[{"href":"https:\/\/moirai.si\/hr\/wp-json\/wp\/v2\/product"}],"about":[{"href":"https:\/\/moirai.si\/hr\/wp-json\/wp\/v2\/types\/product"}],"wp:featuredmedia":[{"embeddable":true,"href":"https:\/\/moirai.si\/hr\/wp-json\/wp\/v2\/media\/25166"}],"wp:attachment":[{"href":"https:\/\/moirai.si\/hr\/wp-json\/wp\/v2\/media?parent=22565"}],"wp:term":[{"taxonomy":"product_brand","embeddable":true,"href":"https:\/\/moirai.si\/hr\/wp-json\/wp\/v2\/product_brand?post=22565"},{"taxonomy":"product_cat","embeddable":true,"href":"https:\/\/moirai.si\/hr\/wp-json\/wp\/v2\/product_cat?post=22565"},{"taxonomy":"product_tag","embeddable":true,"href":"https:\/\/moirai.si\/hr\/wp-json\/wp\/v2\/product_tag?post=22565"}],"curies":[{"name":"wp","href":"https:\/\/api.w.org\/{rel}","templated":true}]}}