{"id":22580,"date":"2022-11-08T13:35:03","date_gmt":"2022-11-08T13:35:03","guid":{"rendered":"https:\/\/moirai.si\/?post_type=product&#038;p=22580"},"modified":"2025-01-08T17:21:33","modified_gmt":"2025-01-08T17:21:33","slug":"kamena-strela-fantom-s","status":"publish","type":"product","link":"https:\/\/moirai.si\/hr\/izdelek\/kamena-strela-fantom-s\/","title":{"rendered":"Gorski kristal Fantom S"},"content":{"rendered":"<p>Prekrasan komad poliranog \u010davla iz Kamene Strele s prikazom fantoma. Slika je simboli\u010dna. Mogu\u0107e su manje varijacije u boji, te\u017eini i obliku.<\/p>\n<p>MATERIJAL: Fantom kamene munje<br \/>\nDIMENZIJE: cca 0,5-1,5 cm<br \/>\nTE\u017dA:\t 3-5 g<\/p>","protected":false},"excerpt":{"rendered":"<p>\u010cudovit kos spolirane \u0161pice iz Kamene Strele, ki ima fantom. Slika je simboli\u010dna. Mo\u017ena so manj\u0161a odstopanja v barvi, te\u017ei in obliki. MATERIAL: Kamena Strela Fantom DIMENZIJE: cca 0,5-1,5 cm TE\u017dA: 3-5 g<\/p>","protected":false},"featured_media":25750,"template":"","meta":[],"product_brand":[],"product_cat":[68,185],"product_tag":[1078],"class_list":{"0":"post-22580","1":"product","2":"type-product","3":"status-publish","4":"has-post-thumbnail","6":"product_cat-kamena-strela","7":"product_cat-kristali-in-minerali","8":"product_tag-kamena-strela-fantom","10":"first","11":"instock","12":"shipping-taxable","13":"purchasable","14":"product-type-simple"},"_links":{"self":[{"href":"https:\/\/moirai.si\/hr\/wp-json\/wp\/v2\/product\/22580","targetHints":{"allow":["GET"]}}],"collection":[{"href":"https:\/\/moirai.si\/hr\/wp-json\/wp\/v2\/product"}],"about":[{"href":"https:\/\/moirai.si\/hr\/wp-json\/wp\/v2\/types\/product"}],"wp:featuredmedia":[{"embeddable":true,"href":"https:\/\/moirai.si\/hr\/wp-json\/wp\/v2\/media\/25750"}],"wp:attachment":[{"href":"https:\/\/moirai.si\/hr\/wp-json\/wp\/v2\/media?parent=22580"}],"wp:term":[{"taxonomy":"product_brand","embeddable":true,"href":"https:\/\/moirai.si\/hr\/wp-json\/wp\/v2\/product_brand?post=22580"},{"taxonomy":"product_cat","embeddable":true,"href":"https:\/\/moirai.si\/hr\/wp-json\/wp\/v2\/product_cat?post=22580"},{"taxonomy":"product_tag","embeddable":true,"href":"https:\/\/moirai.si\/hr\/wp-json\/wp\/v2\/product_tag?post=22580"}],"curies":[{"name":"wp","href":"https:\/\/api.w.org\/{rel}","templated":true}]}}