{"id":22658,"date":"2022-12-01T11:54:55","date_gmt":"2022-12-01T11:54:55","guid":{"rendered":"https:\/\/moirai.si\/?post_type=product&#038;p=22658"},"modified":"2022-12-06T14:10:55","modified_gmt":"2022-12-06T14:10:55","slug":"privjesak-od-labradorita","status":"publish","type":"product","link":"https:\/\/moirai.si\/hr\/izdelek\/obesek-labradorit\/","title":{"rendered":"Privjesak Labradorit"},"content":{"rendered":"<p>Prekrasan privjesak od 925 srebra i labradorita. Lanac nije uklju\u010den u cijenu. Ovdje mo\u017eete odabrati novi lanac: <a href=\"https:\/\/moirai.si\/hr\/kategorija-proizvoda\/privjesci-i-lancici\/lanci-i-uzice\/\" target=\"_blank\" rel=\"noopener noreferrer\">Lanci<\/a><\/p>\n<p>Vi\u0161e informacija: <a href=\"https:\/\/moirai.si\/hr\/labradorit\/\" target=\"_blank\" rel=\"noopener noreferrer\">Labradorit<\/a><\/p>\n<p>MATERIJAL: Labradorit, srebro 925<br \/>\nTE\u017dINA: 15 g<br \/>\nVELI\u010cINA PRIVJESKA: 2,3\u00d75,2 cm<br \/>\nDEBLJINA KAMENA: 0,6cm<\/p>","protected":false},"excerpt":{"rendered":"<p>\u010cudovit obesek iz srebra 925 in Labradorita. Veri\u017eica ni vklju\u010dena v ceno. Novo veri\u017eico si lahko izberete tukaj: Veri\u017eice Ve\u010d informacij: Labradorit MATERIAL: Labradorit, Srebro 925 TE\u017dA: 15 g VELIKOST OBESKA: 2,3&#215;5,2 cm DEBELINA KAMNA: 0,6cm<\/p>","protected":false},"featured_media":22659,"template":"","meta":[],"product_brand":[],"product_cat":[54,910],"product_tag":[294,371],"class_list":{"0":"post-22658","1":"product","2":"type-product","3":"status-publish","4":"has-post-thumbnail","6":"product_cat-labradorit","7":"product_cat-obeski-in-srebro","8":"product_tag-labradorit","9":"product_tag-srebro-925","11":"first","12":"instock","13":"shipping-taxable","14":"purchasable","15":"product-type-simple"},"_links":{"self":[{"href":"https:\/\/moirai.si\/hr\/wp-json\/wp\/v2\/product\/22658","targetHints":{"allow":["GET"]}}],"collection":[{"href":"https:\/\/moirai.si\/hr\/wp-json\/wp\/v2\/product"}],"about":[{"href":"https:\/\/moirai.si\/hr\/wp-json\/wp\/v2\/types\/product"}],"wp:featuredmedia":[{"embeddable":true,"href":"https:\/\/moirai.si\/hr\/wp-json\/wp\/v2\/media\/22659"}],"wp:attachment":[{"href":"https:\/\/moirai.si\/hr\/wp-json\/wp\/v2\/media?parent=22658"}],"wp:term":[{"taxonomy":"product_brand","embeddable":true,"href":"https:\/\/moirai.si\/hr\/wp-json\/wp\/v2\/product_brand?post=22658"},{"taxonomy":"product_cat","embeddable":true,"href":"https:\/\/moirai.si\/hr\/wp-json\/wp\/v2\/product_cat?post=22658"},{"taxonomy":"product_tag","embeddable":true,"href":"https:\/\/moirai.si\/hr\/wp-json\/wp\/v2\/product_tag?post=22658"}],"curies":[{"name":"wp","href":"https:\/\/api.w.org\/{rel}","templated":true}]}}