{"id":22766,"date":"2022-12-07T10:55:08","date_gmt":"2022-12-07T10:55:08","guid":{"rendered":"https:\/\/moirai.si\/?post_type=product&#038;p=22766"},"modified":"2025-01-12T22:46:20","modified_gmt":"2025-01-12T22:46:20","slug":"malo-tigrovo-oko-2","status":"publish","type":"product","link":"https:\/\/moirai.si\/hr\/izdelek\/le-petit-tigrovo-oko-2\/","title":{"rendered":"Le Petit Tigrovo oko"},"content":{"rendered":"<p>Nje\u017ena ogrlica iz Le Petit kolekcije koja je izra\u0111ena od Tigrovog Oka. Ogrlica je nanizana na meku, ali \u010dvrstu \u010deli\u010dnu \u017eicu i zavr\u0161ena elementima od srebra 925. <\/p>\n<p>MATERIJAL: Tigrovo oko, srebro 925<br \/>\nDULJINA: podesiva 42,5-46cm<br \/>\nTE\u017dINA: 13,3 g<br \/>\nVELI\u010cINA KAMENA: 6-8mm<br \/>\nKOP\u010cA: 9 mm<\/p>","protected":false},"excerpt":{"rendered":"<p>Ne\u017ena ogrlica kolekcije Le Petit, ki je narejena iz Tigrovega O\u010desa. Ogrlica je nizana na mehko, vendar mo\u010dno jekleno \u017eico in zaklju\u010dena s srebrnimi 925 elementi. MATERIAL: Tigrovo Oko, srebro 925 DOL\u017dINA: prilagodljiva 42,5-46cm TE\u017dA: 13.3 g VELIKOST KAMNOV: 6-8mm ZAPONKA: 9 mm<\/p>","protected":false},"featured_media":25894,"template":"","meta":[],"product_brand":[],"product_cat":[211,815,816,1136,81],"product_tag":[371,199],"class_list":{"0":"post-22766","1":"product","2":"type-product","3":"status-publish","4":"has-post-thumbnail","6":"product_cat-le-petit","7":"product_cat-od-42-do-45cm","8":"product_cat-od-45-do-50cm","9":"product_cat-ogled-vseh","10":"product_cat-tigrovo-oko","11":"product_tag-srebro-925","12":"product_tag-tigrovo-oko","14":"first","15":"instock","16":"shipping-taxable","17":"purchasable","18":"product-type-simple"},"_links":{"self":[{"href":"https:\/\/moirai.si\/hr\/wp-json\/wp\/v2\/product\/22766","targetHints":{"allow":["GET"]}}],"collection":[{"href":"https:\/\/moirai.si\/hr\/wp-json\/wp\/v2\/product"}],"about":[{"href":"https:\/\/moirai.si\/hr\/wp-json\/wp\/v2\/types\/product"}],"wp:featuredmedia":[{"embeddable":true,"href":"https:\/\/moirai.si\/hr\/wp-json\/wp\/v2\/media\/25894"}],"wp:attachment":[{"href":"https:\/\/moirai.si\/hr\/wp-json\/wp\/v2\/media?parent=22766"}],"wp:term":[{"taxonomy":"product_brand","embeddable":true,"href":"https:\/\/moirai.si\/hr\/wp-json\/wp\/v2\/product_brand?post=22766"},{"taxonomy":"product_cat","embeddable":true,"href":"https:\/\/moirai.si\/hr\/wp-json\/wp\/v2\/product_cat?post=22766"},{"taxonomy":"product_tag","embeddable":true,"href":"https:\/\/moirai.si\/hr\/wp-json\/wp\/v2\/product_tag?post=22766"}],"curies":[{"name":"wp","href":"https:\/\/api.w.org\/{rel}","templated":true}]}}