{"id":22822,"date":"2022-12-07T13:40:54","date_gmt":"2022-12-07T13:40:54","guid":{"rendered":"https:\/\/moirai.si\/?post_type=product&#038;p=22822"},"modified":"2025-01-12T19:48:37","modified_gmt":"2025-01-12T19:48:37","slug":"le-petit-hematit-6","status":"publish","type":"product","link":"https:\/\/moirai.si\/hr\/izdelek\/le-petit-hematit-6\/","title":{"rendered":"Le Petit Hematit"},"content":{"rendered":"<p>Ogrlica Hematit i rodinirano srebro 925.<\/p>\n<p>MATERIJAL: Hematit, srebro 925 s rodijem<br \/>\nDOL\u017dINA: 45cm<br \/>\nTE\u017dINA: 28,5 g<br \/>\nVELI\u010cINA KAMENA: 4-6mm<br \/>\nKOP\u010cA: 9 mm<\/p>","protected":false},"excerpt":{"rendered":"<p>Ne\u017ena ogrlica kolekcije Le Petit, ki je narejena iz Hematita in rodiniranega srebra 925. Ogrlica je nizana na mehko, vendar mo\u010dno jekleno \u017eico. MATERIAL: Hematit, rodinirano srebro 925 DOL\u017dINA: 45cm TE\u017dA: 28.5 g VELIKOST KAMNOV: 4-6mm ZAPONKA: 9 mm<\/p>","protected":false},"featured_media":24168,"template":"","meta":[],"product_brand":[],"product_cat":[42,211,815,816,1136],"product_tag":[202,637],"class_list":{"0":"post-22822","1":"product","2":"type-product","3":"status-publish","4":"has-post-thumbnail","6":"product_cat-hematit","7":"product_cat-le-petit","8":"product_cat-od-42-do-45cm","9":"product_cat-od-45-do-50cm","10":"product_cat-ogled-vseh","11":"product_tag-hematit","12":"product_tag-rodinirano-srebro-925","14":"first","15":"instock","16":"shipping-taxable","17":"purchasable","18":"product-type-simple"},"_links":{"self":[{"href":"https:\/\/moirai.si\/hr\/wp-json\/wp\/v2\/product\/22822","targetHints":{"allow":["GET"]}}],"collection":[{"href":"https:\/\/moirai.si\/hr\/wp-json\/wp\/v2\/product"}],"about":[{"href":"https:\/\/moirai.si\/hr\/wp-json\/wp\/v2\/types\/product"}],"wp:featuredmedia":[{"embeddable":true,"href":"https:\/\/moirai.si\/hr\/wp-json\/wp\/v2\/media\/24168"}],"wp:attachment":[{"href":"https:\/\/moirai.si\/hr\/wp-json\/wp\/v2\/media?parent=22822"}],"wp:term":[{"taxonomy":"product_brand","embeddable":true,"href":"https:\/\/moirai.si\/hr\/wp-json\/wp\/v2\/product_brand?post=22822"},{"taxonomy":"product_cat","embeddable":true,"href":"https:\/\/moirai.si\/hr\/wp-json\/wp\/v2\/product_cat?post=22822"},{"taxonomy":"product_tag","embeddable":true,"href":"https:\/\/moirai.si\/hr\/wp-json\/wp\/v2\/product_tag?post=22822"}],"curies":[{"name":"wp","href":"https:\/\/api.w.org\/{rel}","templated":true}]}}