{"id":22833,"date":"2022-12-13T11:12:20","date_gmt":"2022-12-13T11:12:20","guid":{"rendered":"https:\/\/moirai.si\/?post_type=product&#038;p=22833"},"modified":"2023-03-07T08:11:55","modified_gmt":"2023-03-07T08:11:55","slug":"versy-hrizokol-4","status":"publish","type":"product","link":"https:\/\/moirai.si\/hr\/izdelek\/versy-hrizokol-4\/","title":{"rendered":"Versy Krizokola"},"content":{"rendered":"<p>Unikatan privjesak kolekcije Versy Krizokola na crni ko\u017ei podesive duljine (povucite \u010dvor gore ili dolje). Ogrlica je unisex i pogodna je za djecu i odrasle. <\/p>\n<p>Vi\u0161e informacija: <a href=\"https:\/\/moirai.si\/hr\/krizokol-2\/\" target=\"_blank\" rel=\"noopener noreferrer\">Krizokola<\/a><\/p>\n<p>MATERIJAL: Krizokola, crna ko\u017ea<br \/>\nDU\u017dINA: podesiva (38-77 cm)<br \/>\nTE\u017dA: 19.8 g<br \/>\nVELIKOST KAMNA: 2.3-3 cm<br \/>\nDEBLJINA KAMENA: 1,2 cm <\/p>","protected":false},"excerpt":{"rendered":"<p>Unikaten obesek kolekcije Versy iz Hrizokola na \u010drnem usnjenem traku s prilagodljivo dol\u017eino (poteg vozla gor oz. dol). Ogrlica je unisex in je primerna za otroke in odrasle. Ve\u010d informacij: Hrizokol MATERIAL: Hrizokol, \u010drno usnje DOL\u017dINA: prilagodljiva (38-77 cm) TE\u017dA: 19.8 g VELIKOST KAMNA: 2.3-3 cm DEBELINA KAMNA: 1.2 cm<\/p>","protected":false},"featured_media":22834,"template":"","meta":[],"product_brand":[],"product_cat":[780,92,309],"product_tag":[648,777],"class_list":{"0":"post-22833","1":"product","2":"type-product","3":"status-publish","4":"has-post-thumbnail","6":"product_cat-hrizokol","7":"product_cat-obeski-in-usnje","8":"product_cat-versy","9":"product_tag-crno-usnje","10":"product_tag-hrizokol","12":"first","13":"instock","14":"shipping-taxable","15":"purchasable","16":"product-type-simple"},"_links":{"self":[{"href":"https:\/\/moirai.si\/hr\/wp-json\/wp\/v2\/product\/22833","targetHints":{"allow":["GET"]}}],"collection":[{"href":"https:\/\/moirai.si\/hr\/wp-json\/wp\/v2\/product"}],"about":[{"href":"https:\/\/moirai.si\/hr\/wp-json\/wp\/v2\/types\/product"}],"wp:featuredmedia":[{"embeddable":true,"href":"https:\/\/moirai.si\/hr\/wp-json\/wp\/v2\/media\/22834"}],"wp:attachment":[{"href":"https:\/\/moirai.si\/hr\/wp-json\/wp\/v2\/media?parent=22833"}],"wp:term":[{"taxonomy":"product_brand","embeddable":true,"href":"https:\/\/moirai.si\/hr\/wp-json\/wp\/v2\/product_brand?post=22833"},{"taxonomy":"product_cat","embeddable":true,"href":"https:\/\/moirai.si\/hr\/wp-json\/wp\/v2\/product_cat?post=22833"},{"taxonomy":"product_tag","embeddable":true,"href":"https:\/\/moirai.si\/hr\/wp-json\/wp\/v2\/product_tag?post=22833"}],"curies":[{"name":"wp","href":"https:\/\/api.w.org\/{rel}","templated":true}]}}